{"id":1492,"date":"2024-07-29T14:40:05","date_gmt":"2024-07-29T14:40:05","guid":{"rendered":"https:\/\/pulidosegea.com\/services\/"},"modified":"2024-10-23T16:28:41","modified_gmt":"2024-10-23T16:28:41","slug":"servicios","status":"publish","type":"page","link":"https:\/\/pulidosegea.com\/en\/servicios\/","title":{"rendered":"Servicios"},"content":{"rendered":"<div class=\"wp-block-uagb-container uagb-block-a8606d6e alignfull uagb-is-root-container\"><div class=\"uagb-container-inner-blocks-wrap\">\n<div class=\"wp-block-uagb-info-box uagb-block-614c16d2 uagb-infobox__content-wrap  uagb-infobox-icon-above-title uagb-infobox-image-valign-top\"><div class=\"uagb-ifb-content\"><div class=\"uagb-ifb-title-wrap\"><span class=\"uagb-ifb-title-prefix\">Nuestros Servicios<\/span><h4 class=\"uagb-ifb-title\">Especialistas en Pulido y Cristalizado de Suelos<\/h4><\/div><p class=\"uagb-ifb-desc\">En Pulidos Egea, somos expertos en devolver el brillo y la vida a tus superficies. Con m\u00e1s de 20 a\u00f1os de experiencia, ofrecemos servicios de alta calidad en pulido, abrillantado y cristalizado de suelos y fachadas. Descubre c\u00f3mo podemos transformar tus espacios con un acabado impecable y duradero.<\/p><\/div><\/div>\n\n\n\n<div class=\"wp-block-uagb-buttons uagb-buttons__outer-wrap uagb-btn__default-btn uagb-btn-tablet__default-btn uagb-btn-mobile__default-btn uagb-block-9b77a2d9\"><div class=\"uagb-buttons__wrap uagb-buttons-layout-wrap\">\n<div class=\"wp-block-uagb-buttons-child uagb-buttons__outer-wrap uagb-block-6aa3d5e2 wp-block-button\"><div class=\"uagb-button__wrapper\"><a class=\"uagb-buttons-repeater wp-block-button__link\" aria-label=\"\" href=\"https:\/\/pulidosegea.com\/en\/contacto\/\" rel=\"follow noopener\" target=\"_self\" role=\"button\"><div class=\"uagb-button__link\">Solicita tu Presupuesto<\/div><\/a><\/div><\/div>\n<\/div><\/div>\n<\/div><\/div>\n\n\n\n<div class=\"wp-block-uagb-container uagb-block-ebeffa70 alignfull uagb-is-root-container\"><div class=\"uagb-container-inner-blocks-wrap\">\n<div class=\"wp-block-uagb-advanced-heading uagb-block-351c22b1\"><h2 class=\"uagb-heading-text\">\u00bfComo podemos ayudarte?<\/h2><\/div>\n\n\n\n<div class=\"wp-block-uagb-container uagb-block-a85bf556\">\n<div class=\"wp-block-uagb-container uagb-block-0751e713\">\n<div class=\"wp-block-uagb-info-box uagb-block-d0505e23 uagb-infobox__content-wrap  uagb-infobox-icon-above-title uagb-infobox-image-valign-top\"><div class=\"uagb-ifb-content\"><div class=\"uagb-ifb-title-wrap\"><h4 class=\"uagb-ifb-title\"><strong>Antes<\/strong><\/h4><\/div><\/div><\/div>\n<\/div>\n\n\n\n<div class=\"wp-block-uagb-container uagb-block-ab0afac0\">\n<div class=\"wp-block-uagb-info-box uagb-block-71635d1f uagb-infobox__content-wrap  uagb-infobox-icon-above-title uagb-infobox-image-valign-top\"><div class=\"uagb-ifb-content\"><div class=\"uagb-ifb-title-wrap\"><h4 class=\"uagb-ifb-title\"><strong><strong>Pulido y Abrillantado de Suelos<\/strong><\/strong><\/h4><\/div><p class=\"uagb-ifb-desc\">Recupera el brillo perdido de tus suelos con nuestros servicios de pulido y abrillantado. Trabajamos con terrazo, m\u00e1rmol, granito, hormig\u00f3n y m\u00e1s.<\/p><\/div><\/div>\n<\/div>\n\n\n\n<div class=\"wp-block-uagb-container uagb-block-0bfd07ac\">\n<div class=\"wp-block-uagb-info-box uagb-block-06bf2df8 uagb-infobox__content-wrap  uagb-infobox-icon-above-title uagb-infobox-image-valign-top\"><div class=\"uagb-ifb-content\"><div class=\"uagb-ifb-title-wrap\"><h4 class=\"uagb-ifb-title\">Despu\u00e9s<\/h4><\/div><\/div><\/div>\n<\/div>\n<\/div>\n\n\n\n<div class=\"wp-block-uagb-container uagb-block-77a66646\">\n<div class=\"wp-block-uagb-container uagb-block-73ac3101\">\n<div class=\"wp-block-uagb-info-box uagb-block-7341cefb uagb-infobox__content-wrap  uagb-infobox-icon-above-title uagb-infobox-image-valign-top\"><div class=\"uagb-ifb-content\"><div class=\"uagb-ifb-title-wrap\"><h4 class=\"uagb-ifb-title\"><strong>Cristalizados de Suelos\u200b<\/strong><\/h4><\/div><p class=\"uagb-ifb-desc\">Protegemos y damos brillo a tus suelos sin rayarlos. Nuestros expertos en cristalizado asegurar\u00e1n que tus suelos luzcan impecables.<\/p><\/div><\/div>\n<\/div>\n\n\n\n<div class=\"wp-block-uagb-container uagb-block-43916366\">\n<div class=\"wp-block-uagb-info-box uagb-block-1c97b67f uagb-infobox__content-wrap  uagb-infobox-icon-above-title uagb-infobox-image-valign-top\"><div class=\"uagb-ifb-content\"><div class=\"uagb-ifb-title-wrap\"><h4 class=\"uagb-ifb-title\"><strong><strong>Antes<\/strong><\/strong><\/h4><\/div><\/div><\/div>\n<\/div>\n\n\n\n<div class=\"wp-block-uagb-container uagb-block-adb3faee\">\n<div class=\"wp-block-uagb-info-box uagb-block-82360623 uagb-infobox__content-wrap  uagb-infobox-icon-above-title uagb-infobox-image-valign-top\"><div class=\"uagb-ifb-content\"><div class=\"uagb-ifb-title-wrap\"><h4 class=\"uagb-ifb-title\">Despu\u00e9s<\/h4><\/div><\/div><\/div>\n<\/div>\n<\/div>\n\n\n\n<div class=\"wp-block-uagb-container uagb-block-2e51c947\">\n<div class=\"wp-block-uagb-container uagb-block-9b32dee8\">\n<div class=\"wp-block-uagb-info-box uagb-block-680d82e4 uagb-infobox__content-wrap  uagb-infobox-icon-above-title uagb-infobox-image-valign-top\"><div class=\"uagb-ifb-content\"><div class=\"uagb-ifb-title-wrap\"><h4 class=\"uagb-ifb-title\"><strong>Antes<\/strong><\/h4><\/div><\/div><\/div>\n<\/div>\n\n\n\n<div class=\"wp-block-uagb-container uagb-block-24b3d138\">\n<div class=\"wp-block-uagb-info-box uagb-block-9bd7ac50 uagb-infobox__content-wrap  uagb-infobox-icon-above-title uagb-infobox-image-valign-top\"><div class=\"uagb-ifb-content\"><div class=\"uagb-ifb-title-wrap\"><h4 class=\"uagb-ifb-title\"><strong><strong>Despu\u00e9s<\/strong><\/strong><\/h4><\/div><\/div><\/div>\n<\/div>\n\n\n\n<div class=\"wp-block-uagb-container uagb-block-52aad331\">\n<div class=\"wp-block-uagb-info-box uagb-block-1714bbc9 uagb-infobox__content-wrap  uagb-infobox-icon-above-title uagb-infobox-image-valign-top\"><div class=\"uagb-ifb-content\"><div class=\"uagb-ifb-title-wrap\"><h4 class=\"uagb-ifb-title\">Rehabilitaci\u00f3n de Fachadas y Mosaicos<\/h4><\/div><p class=\"uagb-ifb-desc\">Renueva la apariencia de tus fachadas y mosaicos de m\u00e1rmol. Eliminamos manchas y restauramos el brillo original.<\/p><\/div><\/div>\n<\/div>\n<\/div>\n\n\n\n<div class=\"wp-block-uagb-container uagb-block-fd67aa82\">\n<div class=\"wp-block-uagb-container uagb-block-7d7e96cf\">\n<div class=\"wp-block-uagb-info-box uagb-block-38d90ddf uagb-infobox__content-wrap  uagb-infobox-icon-above-title uagb-infobox-image-valign-top\"><div class=\"uagb-ifb-content\"><div class=\"uagb-ifb-title-wrap\"><\/div><\/div><\/div>\n<\/div>\n\n\n\n<div class=\"wp-block-uagb-container uagb-block-f41580ba\">\n<div class=\"wp-block-uagb-info-box uagb-block-c75aa754 uagb-infobox__content-wrap  uagb-infobox-icon-above-title uagb-infobox-image-valign-top\"><div class=\"uagb-ifb-content\"><div class=\"uagb-ifb-title-wrap\"><h4 class=\"uagb-ifb-title\"><strong><strong>Renovaci\u00f3n de Escaleras, Bancadas y Encimeras<\/strong>\u200b<\/strong><\/h4><\/div><p class=\"uagb-ifb-desc\">Dejamos como nuevas tus escaleras, bancadas de ba\u00f1o y encimeras de cocina. Servicio integral para todas tus superficies.<\/p><\/div><\/div>\n<\/div>\n\n\n\n<div class=\"wp-block-uagb-container uagb-block-5a0023d3\">\n<div class=\"wp-block-uagb-info-box uagb-block-28c22ed5 uagb-infobox__content-wrap  uagb-infobox-icon-above-title uagb-infobox-image-valign-top\"><div class=\"uagb-ifb-content\"><div class=\"uagb-ifb-title-wrap\"><\/div><\/div><\/div>\n<\/div>\n<\/div>\n<\/div><\/div>\n\n\n\n<div class=\"wp-block-uagb-container uagb-block-b997312a alignfull uagb-is-root-container\"><div class=\"uagb-container-inner-blocks-wrap\">\n<div class=\"wp-block-uagb-container uagb-block-005fba1f\">\n<div class=\"wp-block-uagb-container uagb-block-45ea3adf\">\n<div class=\"wp-block-uagb-advanced-heading uagb-block-12865cae\"><h3 class=\"uagb-heading-text\">Cont\u00e1ctanos Hoy<\/h3><p class=\"uagb-desc-text\">Si deseas devolver el brillo y la vida a tus suelos, no esperes m\u00e1s. <strong>Ll\u00e1manos<\/strong> y descubre por qu\u00e9 somos los mejores en pulido y cristalizado de pavimentos y fachadas. \u00a1Tu suelo nos necesita!<\/p><\/div>\n<\/div>\n\n\n\n<div class=\"wp-block-uagb-container uagb-block-0c3a0d7f\">\n<div class=\"wp-block-uagb-buttons uagb-buttons__outer-wrap uagb-btn__default-btn uagb-btn-tablet__default-btn uagb-btn-mobile__default-btn uagb-block-2c953428\"><div class=\"uagb-buttons__wrap uagb-buttons-layout-wrap\">\n<div class=\"wp-block-uagb-buttons-child uagb-buttons__outer-wrap uagb-block-8bb4b826 wp-block-button\"><div class=\"uagb-button__wrapper\"><a class=\"uagb-buttons-repeater wp-block-button__link\" aria-label=\"\" href=\"tel:655819759\" rel=\"follow noopener\" target=\"_self\" role=\"button\"><div class=\"uagb-button__link\">TEL. 655 81 97 59<\/div><\/a><\/div><\/div>\n<\/div><\/div>\n<\/div>\n<\/div>\n<\/div><\/div>","protected":false},"excerpt":{"rendered":"<p>\u00bfComo podemos ayudarte?<\/p>","protected":false},"author":1,"featured_media":0,"parent":0,"menu_order":0,"comment_status":"closed","ping_status":"closed","template":"","meta":{"_uag_custom_page_level_css":"","site-sidebar-layout":"no-sidebar","site-content-layout":"page-builder","ast-site-content-layout":"full-width-container","site-content-style":"unboxed","site-sidebar-style":"unboxed","ast-global-header-display":"","ast-banner-title-visibility":"","ast-main-header-display":"","ast-hfb-above-header-display":"","ast-hfb-below-header-display":"","ast-hfb-mobile-header-display":"","site-post-title":"disabled","ast-breadcrumbs-content":"","ast-featured-img":"disabled","footer-sml-layout":"","theme-transparent-header-meta":"enabled","adv-header-id-meta":"","stick-header-meta":"","header-above-stick-meta":"","header-main-stick-meta":"","header-below-stick-meta":"","astra-migrate-meta-layouts":"set","ast-page-background-enabled":"default","ast-page-background-meta":{"desktop":{"background-color":"","background-image":"","background-repeat":"repeat","background-position":"center center","background-size":"auto","background-attachment":"scroll","background-type":"","background-media":"","overlay-type":"","overlay-color":"","overlay-opacity":"","overlay-gradient":""},"tablet":{"background-color":"","background-image":"","background-repeat":"repeat","background-position":"center center","background-size":"auto","background-attachment":"scroll","background-type":"","background-media":"","overlay-type":"","overlay-color":"","overlay-opacity":"","overlay-gradient":""},"mobile":{"background-color":"","background-image":"","background-repeat":"repeat","background-position":"center center","background-size":"auto","background-attachment":"scroll","background-type":"","background-media":"","overlay-type":"","overlay-color":"","overlay-opacity":"","overlay-gradient":""}},"ast-content-background-meta":{"desktop":{"background-color":"var(--ast-global-color-5)","background-image":"","background-repeat":"repeat","background-position":"center center","background-size":"auto","background-attachment":"scroll","background-type":"","background-media":"","overlay-type":"","overlay-color":"","overlay-opacity":"","overlay-gradient":""},"tablet":{"background-color":"var(--ast-global-color-5)","background-image":"","background-repeat":"repeat","background-position":"center center","background-size":"auto","background-attachment":"scroll","background-type":"","background-media":"","overlay-type":"","overlay-color":"","overlay-opacity":"","overlay-gradient":""},"mobile":{"background-color":"var(--ast-global-color-5)","background-image":"","background-repeat":"repeat","background-position":"center center","background-size":"auto","background-attachment":"scroll","background-type":"","background-media":"","overlay-type":"","overlay-color":"","overlay-opacity":"","overlay-gradient":""}},"_joinchat":[],"footnotes":""},"class_list":["post-1492","page","type-page","status-publish","hentry"],"yoast_head":"<!-- This site is optimized with the Yoast SEO plugin v23.1 - https:\/\/yoast.com\/wordpress\/plugins\/seo\/ -->\n<title>Servicios - Pulidos Egea<\/title>\n<meta name=\"robots\" content=\"index, follow, max-snippet:-1, max-image-preview:large, max-video-preview:-1\" \/>\n<link rel=\"canonical\" href=\"https:\/\/pulidosegea.com\/en\/servicios\/\" \/>\n<meta property=\"og:locale\" content=\"en_GB\" \/>\n<meta property=\"og:type\" content=\"article\" \/>\n<meta property=\"og:title\" content=\"Servicios - Pulidos Egea\" \/>\n<meta property=\"og:description\" content=\"\u00bfComo podemos ayudarte?\" \/>\n<meta property=\"og:url\" content=\"https:\/\/pulidosegea.com\/en\/servicios\/\" \/>\n<meta property=\"og:site_name\" content=\"Pulidos Egea\" \/>\n<meta property=\"article:publisher\" content=\"https:\/\/www.facebook.com\/pulidosegea\/\" \/>\n<meta property=\"article:modified_time\" content=\"2024-10-23T16:28:41+00:00\" \/>\n<meta name=\"twitter:card\" content=\"summary_large_image\" \/>\n<meta name=\"twitter:label1\" content=\"Estimated reading time\" \/>\n\t<meta name=\"twitter:data1\" content=\"1 minute\" \/>\n<script type=\"application\/ld+json\" class=\"yoast-schema-graph\">{\"@context\":\"https:\/\/schema.org\",\"@graph\":[{\"@type\":\"WebPage\",\"@id\":\"https:\/\/pulidosegea.com\/servicios\/\",\"url\":\"https:\/\/pulidosegea.com\/servicios\/\",\"name\":\"Servicios - Pulidos Egea\",\"isPartOf\":{\"@id\":\"https:\/\/pulidosegea.com\/#website\"},\"datePublished\":\"2024-07-29T14:40:05+00:00\",\"dateModified\":\"2024-10-23T16:28:41+00:00\",\"breadcrumb\":{\"@id\":\"https:\/\/pulidosegea.com\/servicios\/#breadcrumb\"},\"inLanguage\":\"en-GB\",\"potentialAction\":[{\"@type\":\"ReadAction\",\"target\":[\"https:\/\/pulidosegea.com\/servicios\/\"]}]},{\"@type\":\"BreadcrumbList\",\"@id\":\"https:\/\/pulidosegea.com\/servicios\/#breadcrumb\",\"itemListElement\":[{\"@type\":\"ListItem\",\"position\":1,\"name\":\"Portada\",\"item\":\"https:\/\/pulidosegea.com\/\"},{\"@type\":\"ListItem\",\"position\":2,\"name\":\"Servicios\"}]},{\"@type\":\"WebSite\",\"@id\":\"https:\/\/pulidosegea.com\/#website\",\"url\":\"https:\/\/pulidosegea.com\/\",\"name\":\"Pulidos Egea\",\"description\":\"Pulido y Cristalizado de Suelos\",\"publisher\":{\"@id\":\"https:\/\/pulidosegea.com\/#organization\"},\"potentialAction\":[{\"@type\":\"SearchAction\",\"target\":{\"@type\":\"EntryPoint\",\"urlTemplate\":\"https:\/\/pulidosegea.com\/?s={search_term_string}\"},\"query-input\":\"required name=search_term_string\"}],\"inLanguage\":\"en-GB\"},{\"@type\":\"Organization\",\"@id\":\"https:\/\/pulidosegea.com\/#organization\",\"name\":\"Pulidos Egea\",\"url\":\"https:\/\/pulidosegea.com\/\",\"logo\":{\"@type\":\"ImageObject\",\"inLanguage\":\"en-GB\",\"@id\":\"https:\/\/pulidosegea.com\/#\/schema\/logo\/image\/\",\"url\":\"https:\/\/pulidosegea.com\/wp-content\/uploads\/2018\/07\/logo_pulidos_alicante_egea_resp-1.png\",\"contentUrl\":\"https:\/\/pulidosegea.com\/wp-content\/uploads\/2018\/07\/logo_pulidos_alicante_egea_resp-1.png\",\"width\":250,\"height\":157,\"caption\":\"Pulidos Egea\"},\"image\":{\"@id\":\"https:\/\/pulidosegea.com\/#\/schema\/logo\/image\/\"},\"sameAs\":[\"https:\/\/www.facebook.com\/pulidosegea\/\"]}]}<\/script>\n<!-- \/ Yoast SEO plugin. -->","yoast_head_json":{"title":"Servicios - Pulidos Egea","robots":{"index":"index","follow":"follow","max-snippet":"max-snippet:-1","max-image-preview":"max-image-preview:large","max-video-preview":"max-video-preview:-1"},"canonical":"https:\/\/pulidosegea.com\/en\/servicios\/","og_locale":"en_GB","og_type":"article","og_title":"Servicios - Pulidos Egea","og_description":"\u00bfComo podemos ayudarte?","og_url":"https:\/\/pulidosegea.com\/en\/servicios\/","og_site_name":"Pulidos Egea","article_publisher":"https:\/\/www.facebook.com\/pulidosegea\/","article_modified_time":"2024-10-23T16:28:41+00:00","twitter_card":"summary_large_image","twitter_misc":{"Estimated reading time":"1 minute"},"schema":{"@context":"https:\/\/schema.org","@graph":[{"@type":"WebPage","@id":"https:\/\/pulidosegea.com\/servicios\/","url":"https:\/\/pulidosegea.com\/servicios\/","name":"Servicios - Pulidos Egea","isPartOf":{"@id":"https:\/\/pulidosegea.com\/#website"},"datePublished":"2024-07-29T14:40:05+00:00","dateModified":"2024-10-23T16:28:41+00:00","breadcrumb":{"@id":"https:\/\/pulidosegea.com\/servicios\/#breadcrumb"},"inLanguage":"en-GB","potentialAction":[{"@type":"ReadAction","target":["https:\/\/pulidosegea.com\/servicios\/"]}]},{"@type":"BreadcrumbList","@id":"https:\/\/pulidosegea.com\/servicios\/#breadcrumb","itemListElement":[{"@type":"ListItem","position":1,"name":"Portada","item":"https:\/\/pulidosegea.com\/"},{"@type":"ListItem","position":2,"name":"Servicios"}]},{"@type":"WebSite","@id":"https:\/\/pulidosegea.com\/#website","url":"https:\/\/pulidosegea.com\/","name":"Pulidos Egea","description":"Pulido y Cristalizado de Suelos","publisher":{"@id":"https:\/\/pulidosegea.com\/#organization"},"potentialAction":[{"@type":"SearchAction","target":{"@type":"EntryPoint","urlTemplate":"https:\/\/pulidosegea.com\/?s={search_term_string}"},"query-input":"required name=search_term_string"}],"inLanguage":"en-GB"},{"@type":"Organization","@id":"https:\/\/pulidosegea.com\/#organization","name":"Pulidos Egea","url":"https:\/\/pulidosegea.com\/","logo":{"@type":"ImageObject","inLanguage":"en-GB","@id":"https:\/\/pulidosegea.com\/#\/schema\/logo\/image\/","url":"https:\/\/pulidosegea.com\/wp-content\/uploads\/2018\/07\/logo_pulidos_alicante_egea_resp-1.png","contentUrl":"https:\/\/pulidosegea.com\/wp-content\/uploads\/2018\/07\/logo_pulidos_alicante_egea_resp-1.png","width":250,"height":157,"caption":"Pulidos Egea"},"image":{"@id":"https:\/\/pulidosegea.com\/#\/schema\/logo\/image\/"},"sameAs":["https:\/\/www.facebook.com\/pulidosegea\/"]}]}},"uagb_featured_image_src":{"full":false,"thumbnail":false,"medium":false,"medium_large":false,"large":false,"1536x1536":false,"2048x2048":false,"trp-custom-language-flag":false},"uagb_author_info":{"display_name":"admin","author_link":"https:\/\/pulidosegea.com\/en\/author\/admin\/"},"uagb_comment_info":0,"uagb_excerpt":"\u00bfComo podemos ayudarte?","_links":{"self":[{"href":"https:\/\/pulidosegea.com\/en\/wp-json\/wp\/v2\/pages\/1492"}],"collection":[{"href":"https:\/\/pulidosegea.com\/en\/wp-json\/wp\/v2\/pages"}],"about":[{"href":"https:\/\/pulidosegea.com\/en\/wp-json\/wp\/v2\/types\/page"}],"author":[{"embeddable":true,"href":"https:\/\/pulidosegea.com\/en\/wp-json\/wp\/v2\/users\/1"}],"replies":[{"embeddable":true,"href":"https:\/\/pulidosegea.com\/en\/wp-json\/wp\/v2\/comments?post=1492"}],"version-history":[{"count":13,"href":"https:\/\/pulidosegea.com\/en\/wp-json\/wp\/v2\/pages\/1492\/revisions"}],"predecessor-version":[{"id":2540,"href":"https:\/\/pulidosegea.com\/en\/wp-json\/wp\/v2\/pages\/1492\/revisions\/2540"}],"wp:attachment":[{"href":"https:\/\/pulidosegea.com\/en\/wp-json\/wp\/v2\/media?parent=1492"}],"curies":[{"name":"wp","href":"https:\/\/api.w.org\/{rel}","templated":true}]}}