{"id":2496,"date":"2024-07-30T15:33:00","date_gmt":"2024-07-30T15:33:00","guid":{"rendered":"https:\/\/pulidosegea.com\/?page_id=2496"},"modified":"2024-07-30T15:33:06","modified_gmt":"2024-07-30T15:33:06","slug":"accesibilidad","status":"publish","type":"page","link":"https:\/\/pulidosegea.com\/en\/accesibilidad\/","title":{"rendered":"Accesibilidad"},"content":{"rendered":"<p>Declaraci\u00f3n de accesibilidad El propietario del sitio web se ha comprometido en<br>hacer accesible su sitio web de conformidad con el Real Decreto 1112\/2018, de 7 de<br>septiembre, sobre accesibilidad de los sitios web y aplicaciones para dispositivos<br>m\u00f3viles del sector p\u00fablico (en adelante, Real Decreto 1112\/2018, de 7 de<br>septiembre), por el que se traspone la Directiva (UE) 2016\/2102 del Parlamento<br>Europeo y del Consejo, de 26 de octubre de 2016. La presente declaraci\u00f3n aplica a<br>este sitio web. Situaci\u00f3n de cumplimiento Este sitio web es parcialmente conforme<br>con el Real Decreto 1112\/2018, de 7 de septiembre a causa de las excepciones y la<br>falta de conformidad de los aspectos que se indican a continuaci\u00f3n. Contenido no<br>accesible El contenido que es recoge a continuaci\u00f3n no es accesible por los<br>siguientes motivos: Falta de conformidad con el Real Decreto 1112\/2018, de 7 de<br>septiembre:<\/p>\n\n\n\n<ol class=\"wp-block-list\">\n<li>Algunas im\u00e1genes no est\u00e1n etiquetadas o tienen una alternativa textual<br>gen\u00e9rica [requisito n\u00famero 9.1.1.1 de la norma UNE-EN 301549:2019<br>Contenido no textual]<\/li>\n\n\n\n<li>Algunos v\u00eddeos grabados pueden no contener subt\u00edtulos [requisito n\u00famero<br>9.1.2.2 de la norma UNE-EN 301549:2019 subt\u00edtulos (grabados)]<\/li>\n\n\n\n<li>Algunos videos pregrabados en el sitio web no disponen de audio descripci\u00f3n<br>o medios alternativos [requisitos n\u00famero 9.1.2.5 y 9.1.2.3 de la norma<br>UNE-EN 301549:2019 Audio descripci\u00f3n o medios alternativos (grabado)]<\/li>\n\n\n\n<li>En algunas p\u00e1ginas la informaci\u00f3n, estructura y relaciones no est\u00e1n<br>determinadas por software o no tienen alternativa como texto. [requisito<br>n\u00famero 9.1.3.1 de la UNE-EN 301549:2019 de informaci\u00f3n y relaciones.<\/li>\n\n\n\n<li>En algunas p\u00e1ginas se ha utilizado el color como \u00fanico medio visual para<br>transmitir informaci\u00f3n, indicar una acci\u00f3n, provocar una respuesta o distinguir<br>un elemento visual [requisito n\u00famero 9.1.4.1 de la norma UNE-EN<br>301549:2019 uso del color]<\/li>\n\n\n\n<li>En algunas p\u00e1ginas puede haber atributos e identificadores duplicados<br>[requisito n\u00famero 9.4.1.1 de la norma UNE-EN 301549:2019 procesamiento]<\/li>\n\n\n\n<li>En algunas p\u00e1ginas los componentes de interfaz de usuario como elementos<br>de formulario, enlaces y componentes generados por script no siguen la<br>estructura recomendada por las pautas de accesibilidad [requisito n\u00famero<br>9.4.1.2 de la norma UNE-EN 301549:2019 Nombre, funci\u00f3n, valor]<\/li>\n\n\n\n<li>En algunos formularios el campo de entrada que recopila informaci\u00f3n sobre<br>el usuario no tiene identificado el prop\u00f3sito [requisito n\u00famero 9.1.3.5 de la<br>norma UNE-EN 301549:2019 identificaci\u00f3n del prop\u00f3sito de entrada]<\/li>\n\n\n\n<li>En algunas p\u00e1ginas la relaci\u00f3n de contraste en texto o im\u00e1genes podr\u00eda no<br>ser de al menos 4.5:1 [requisito n\u00famero 9.1.4.3 de la norma UNE-EN<br>301549:2019 contraste m\u00ednimo]<br>10.En algunas p\u00e1ginas el contraste de los componentes de interfaz de usuario y<br>de objetos gr\u00e1ficos podr\u00eda no llegar al 3:1 con los colores adyacentes<br>[requisito n\u00famero 9.1.4.11 de la norma UNE-EN 301549:2019 contraste no<br>textual]<\/li>\n\n\n\n<li>De manera puntual podr\u00eda existir alg\u00fan error de entrada en alg\u00fan<br>campo\/formulario del que no se notificase al usuario la sugerencia para<br>solucionarlo [requisito n\u00famero 9.3.3.3 de la norma UNE-EN 301549:2019<br>Sugerencia ante errores]<br>12.En algunas p\u00e1ginas los mensajes de estado podr\u00edan no estar determinados<br>mediante programaci\u00f3n a trav\u00e9s de funciones o propiedades [requisito<br>n\u00famero 9.4.1.3 de la norma UNE-EN 301549:2019 mensajes de estado]<br>Carga desproporcionada No aplica El contenido no entra dentro del \u00e1mbito de la<br>legislaci\u00f3n aplicable<\/li>\n\n\n\n<li>Podr\u00edan existir archivos ofim\u00e1ticos en PDF o otros formatos publicados antes<br>del 20 de septiembre de 2018 que no cumplen \u00edntegramente todos los<br>requisitos de accesibilidad.<br>Observaciones y datos de contacto Se pueden realizar comunicaciones sobre<br>requisitos de accesibilidad (art\u00edculo 10.2.a del Real Decreto 1112\/2018, de 7 de<br>septiembre), a trav\u00e9s del formulario de contacto, por ejemplo:<br>\u25cf Informar sobre cualquier posible incumplimiento por parte de este sitio web<br>\u25cf Transmitir otras dificultades de acceso al contenido<br>\u25cf Formular cualquier otra consulta o sugerencia de mejora relativa a la<br>accesibilidad del sitio web.<br>Las comunicaciones ser\u00e1n recibidas y tratadas por la Unidad Responsable de<br>Accesibilidad.<\/li>\n<\/ol>","protected":false},"excerpt":{"rendered":"<p>Declaraci\u00f3n de accesibilidad El propietario del sitio web se ha comprometido enhacer accesible su sitio web de conformidad con el Real Decreto 1112\/2018, de 7 deseptiembre, sobre accesibilidad de los sitios web y aplicaciones para dispositivosm\u00f3viles del sector p\u00fablico (en adelante, Real Decreto 1112\/2018, de 7 deseptiembre), por el que se traspone la Directiva (UE) [&hellip;]<\/p>","protected":false},"author":1,"featured_media":0,"parent":0,"menu_order":0,"comment_status":"closed","ping_status":"closed","template":"","meta":{"_uag_custom_page_level_css":"","site-sidebar-layout":"default","site-content-layout":"","ast-site-content-layout":"default","site-content-style":"default","site-sidebar-style":"default","ast-global-header-display":"","ast-banner-title-visibility":"","ast-main-header-display":"","ast-hfb-above-header-display":"","ast-hfb-below-header-display":"","ast-hfb-mobile-header-display":"","site-post-title":"","ast-breadcrumbs-content":"","ast-featured-img":"","footer-sml-layout":"","theme-transparent-header-meta":"","adv-header-id-meta":"","stick-header-meta":"","header-above-stick-meta":"","header-main-stick-meta":"","header-below-stick-meta":"","astra-migrate-meta-layouts":"set","ast-page-background-enabled":"default","ast-page-background-meta":{"desktop":{"background-color":"","background-image":"","background-repeat":"repeat","background-position":"center center","background-size":"auto","background-attachment":"scroll","background-type":"","background-media":"","overlay-type":"","overlay-color":"","overlay-opacity":"","overlay-gradient":""},"tablet":{"background-color":"","background-image":"","background-repeat":"repeat","background-position":"center center","background-size":"auto","background-attachment":"scroll","background-type":"","background-media":"","overlay-type":"","overlay-color":"","overlay-opacity":"","overlay-gradient":""},"mobile":{"background-color":"","background-image":"","background-repeat":"repeat","background-position":"center center","background-size":"auto","background-attachment":"scroll","background-type":"","background-media":"","overlay-type":"","overlay-color":"","overlay-opacity":"","overlay-gradient":""}},"ast-content-background-meta":{"desktop":{"background-color":"var(--ast-global-color-5)","background-image":"","background-repeat":"repeat","background-position":"center center","background-size":"auto","background-attachment":"scroll","background-type":"","background-media":"","overlay-type":"","overlay-color":"","overlay-opacity":"","overlay-gradient":""},"tablet":{"background-color":"var(--ast-global-color-5)","background-image":"","background-repeat":"repeat","background-position":"center center","background-size":"auto","background-attachment":"scroll","background-type":"","background-media":"","overlay-type":"","overlay-color":"","overlay-opacity":"","overlay-gradient":""},"mobile":{"background-color":"var(--ast-global-color-5)","background-image":"","background-repeat":"repeat","background-position":"center center","background-size":"auto","background-attachment":"scroll","background-type":"","background-media":"","overlay-type":"","overlay-color":"","overlay-opacity":"","overlay-gradient":""}},"_joinchat":[],"footnotes":""},"class_list":["post-2496","page","type-page","status-publish","hentry"],"yoast_head":"<!-- This site is optimized with the Yoast SEO plugin v23.1 - https:\/\/yoast.com\/wordpress\/plugins\/seo\/ -->\n<title>Accesibilidad - Pulidos Egea<\/title>\n<meta name=\"robots\" content=\"index, follow, max-snippet:-1, max-image-preview:large, max-video-preview:-1\" \/>\n<link rel=\"canonical\" href=\"https:\/\/pulidosegea.com\/en\/accesibilidad\/\" \/>\n<meta property=\"og:locale\" content=\"en_GB\" \/>\n<meta property=\"og:type\" content=\"article\" \/>\n<meta property=\"og:title\" content=\"Accesibilidad - Pulidos Egea\" \/>\n<meta property=\"og:description\" content=\"Declaraci\u00f3n de accesibilidad El propietario del sitio web se ha comprometido enhacer accesible su sitio web de conformidad con el Real Decreto 1112\/2018, de 7 deseptiembre, sobre accesibilidad de los sitios web y aplicaciones para dispositivosm\u00f3viles del sector p\u00fablico (en adelante, Real Decreto 1112\/2018, de 7 deseptiembre), por el que se traspone la Directiva (UE) [&hellip;]\" \/>\n<meta property=\"og:url\" content=\"https:\/\/pulidosegea.com\/en\/accesibilidad\/\" \/>\n<meta property=\"og:site_name\" content=\"Pulidos Egea\" \/>\n<meta property=\"article:publisher\" content=\"https:\/\/www.facebook.com\/pulidosegea\/\" \/>\n<meta property=\"article:modified_time\" content=\"2024-07-30T15:33:06+00:00\" \/>\n<meta name=\"twitter:card\" content=\"summary_large_image\" \/>\n<meta name=\"twitter:label1\" content=\"Estimated reading time\" \/>\n\t<meta name=\"twitter:data1\" content=\"3 minutes\" \/>\n<script type=\"application\/ld+json\" class=\"yoast-schema-graph\">{\"@context\":\"https:\/\/schema.org\",\"@graph\":[{\"@type\":\"WebPage\",\"@id\":\"https:\/\/pulidosegea.com\/accesibilidad\/\",\"url\":\"https:\/\/pulidosegea.com\/accesibilidad\/\",\"name\":\"Accesibilidad - Pulidos Egea\",\"isPartOf\":{\"@id\":\"https:\/\/pulidosegea.com\/#website\"},\"datePublished\":\"2024-07-30T15:33:00+00:00\",\"dateModified\":\"2024-07-30T15:33:06+00:00\",\"breadcrumb\":{\"@id\":\"https:\/\/pulidosegea.com\/accesibilidad\/#breadcrumb\"},\"inLanguage\":\"en-GB\",\"potentialAction\":[{\"@type\":\"ReadAction\",\"target\":[\"https:\/\/pulidosegea.com\/accesibilidad\/\"]}]},{\"@type\":\"BreadcrumbList\",\"@id\":\"https:\/\/pulidosegea.com\/accesibilidad\/#breadcrumb\",\"itemListElement\":[{\"@type\":\"ListItem\",\"position\":1,\"name\":\"Portada\",\"item\":\"https:\/\/pulidosegea.com\/\"},{\"@type\":\"ListItem\",\"position\":2,\"name\":\"Accesibilidad\"}]},{\"@type\":\"WebSite\",\"@id\":\"https:\/\/pulidosegea.com\/#website\",\"url\":\"https:\/\/pulidosegea.com\/\",\"name\":\"Pulidos Egea\",\"description\":\"Pulido y Cristalizado de Suelos\",\"publisher\":{\"@id\":\"https:\/\/pulidosegea.com\/#organization\"},\"potentialAction\":[{\"@type\":\"SearchAction\",\"target\":{\"@type\":\"EntryPoint\",\"urlTemplate\":\"https:\/\/pulidosegea.com\/?s={search_term_string}\"},\"query-input\":\"required name=search_term_string\"}],\"inLanguage\":\"en-GB\"},{\"@type\":\"Organization\",\"@id\":\"https:\/\/pulidosegea.com\/#organization\",\"name\":\"Pulidos Egea\",\"url\":\"https:\/\/pulidosegea.com\/\",\"logo\":{\"@type\":\"ImageObject\",\"inLanguage\":\"en-GB\",\"@id\":\"https:\/\/pulidosegea.com\/#\/schema\/logo\/image\/\",\"url\":\"https:\/\/pulidosegea.com\/wp-content\/uploads\/2018\/07\/logo_pulidos_alicante_egea_resp-1.png\",\"contentUrl\":\"https:\/\/pulidosegea.com\/wp-content\/uploads\/2018\/07\/logo_pulidos_alicante_egea_resp-1.png\",\"width\":250,\"height\":157,\"caption\":\"Pulidos Egea\"},\"image\":{\"@id\":\"https:\/\/pulidosegea.com\/#\/schema\/logo\/image\/\"},\"sameAs\":[\"https:\/\/www.facebook.com\/pulidosegea\/\"]}]}<\/script>\n<!-- \/ Yoast SEO plugin. -->","yoast_head_json":{"title":"Accesibilidad - Pulidos Egea","robots":{"index":"index","follow":"follow","max-snippet":"max-snippet:-1","max-image-preview":"max-image-preview:large","max-video-preview":"max-video-preview:-1"},"canonical":"https:\/\/pulidosegea.com\/en\/accesibilidad\/","og_locale":"en_GB","og_type":"article","og_title":"Accesibilidad - Pulidos Egea","og_description":"Declaraci\u00f3n de accesibilidad El propietario del sitio web se ha comprometido enhacer accesible su sitio web de conformidad con el Real Decreto 1112\/2018, de 7 deseptiembre, sobre accesibilidad de los sitios web y aplicaciones para dispositivosm\u00f3viles del sector p\u00fablico (en adelante, Real Decreto 1112\/2018, de 7 deseptiembre), por el que se traspone la Directiva (UE) [&hellip;]","og_url":"https:\/\/pulidosegea.com\/en\/accesibilidad\/","og_site_name":"Pulidos Egea","article_publisher":"https:\/\/www.facebook.com\/pulidosegea\/","article_modified_time":"2024-07-30T15:33:06+00:00","twitter_card":"summary_large_image","twitter_misc":{"Estimated reading time":"3 minutes"},"schema":{"@context":"https:\/\/schema.org","@graph":[{"@type":"WebPage","@id":"https:\/\/pulidosegea.com\/accesibilidad\/","url":"https:\/\/pulidosegea.com\/accesibilidad\/","name":"Accesibilidad - Pulidos Egea","isPartOf":{"@id":"https:\/\/pulidosegea.com\/#website"},"datePublished":"2024-07-30T15:33:00+00:00","dateModified":"2024-07-30T15:33:06+00:00","breadcrumb":{"@id":"https:\/\/pulidosegea.com\/accesibilidad\/#breadcrumb"},"inLanguage":"en-GB","potentialAction":[{"@type":"ReadAction","target":["https:\/\/pulidosegea.com\/accesibilidad\/"]}]},{"@type":"BreadcrumbList","@id":"https:\/\/pulidosegea.com\/accesibilidad\/#breadcrumb","itemListElement":[{"@type":"ListItem","position":1,"name":"Portada","item":"https:\/\/pulidosegea.com\/"},{"@type":"ListItem","position":2,"name":"Accesibilidad"}]},{"@type":"WebSite","@id":"https:\/\/pulidosegea.com\/#website","url":"https:\/\/pulidosegea.com\/","name":"Pulidos Egea","description":"Pulido y Cristalizado de Suelos","publisher":{"@id":"https:\/\/pulidosegea.com\/#organization"},"potentialAction":[{"@type":"SearchAction","target":{"@type":"EntryPoint","urlTemplate":"https:\/\/pulidosegea.com\/?s={search_term_string}"},"query-input":"required name=search_term_string"}],"inLanguage":"en-GB"},{"@type":"Organization","@id":"https:\/\/pulidosegea.com\/#organization","name":"Pulidos Egea","url":"https:\/\/pulidosegea.com\/","logo":{"@type":"ImageObject","inLanguage":"en-GB","@id":"https:\/\/pulidosegea.com\/#\/schema\/logo\/image\/","url":"https:\/\/pulidosegea.com\/wp-content\/uploads\/2018\/07\/logo_pulidos_alicante_egea_resp-1.png","contentUrl":"https:\/\/pulidosegea.com\/wp-content\/uploads\/2018\/07\/logo_pulidos_alicante_egea_resp-1.png","width":250,"height":157,"caption":"Pulidos Egea"},"image":{"@id":"https:\/\/pulidosegea.com\/#\/schema\/logo\/image\/"},"sameAs":["https:\/\/www.facebook.com\/pulidosegea\/"]}]}},"uagb_featured_image_src":{"full":false,"thumbnail":false,"medium":false,"medium_large":false,"large":false,"1536x1536":false,"2048x2048":false,"trp-custom-language-flag":false},"uagb_author_info":{"display_name":"admin","author_link":"https:\/\/pulidosegea.com\/en\/author\/admin\/"},"uagb_comment_info":0,"uagb_excerpt":"Declaraci\u00f3n de accesibilidad El propietario del sitio web se ha comprometido enhacer accesible su sitio web de conformidad con el Real Decreto 1112\/2018, de 7 deseptiembre, sobre accesibilidad de los sitios web y aplicaciones para dispositivosm\u00f3viles del sector p\u00fablico (en adelante, Real Decreto 1112\/2018, de 7 deseptiembre), por el que se traspone la Directiva (UE)&hellip;","_links":{"self":[{"href":"https:\/\/pulidosegea.com\/en\/wp-json\/wp\/v2\/pages\/2496"}],"collection":[{"href":"https:\/\/pulidosegea.com\/en\/wp-json\/wp\/v2\/pages"}],"about":[{"href":"https:\/\/pulidosegea.com\/en\/wp-json\/wp\/v2\/types\/page"}],"author":[{"embeddable":true,"href":"https:\/\/pulidosegea.com\/en\/wp-json\/wp\/v2\/users\/1"}],"replies":[{"embeddable":true,"href":"https:\/\/pulidosegea.com\/en\/wp-json\/wp\/v2\/comments?post=2496"}],"version-history":[{"count":1,"href":"https:\/\/pulidosegea.com\/en\/wp-json\/wp\/v2\/pages\/2496\/revisions"}],"predecessor-version":[{"id":2498,"href":"https:\/\/pulidosegea.com\/en\/wp-json\/wp\/v2\/pages\/2496\/revisions\/2498"}],"wp:attachment":[{"href":"https:\/\/pulidosegea.com\/en\/wp-json\/wp\/v2\/media?parent=2496"}],"curies":[{"name":"wp","href":"https:\/\/api.w.org\/{rel}","templated":true}]}}