{"id":43,"date":"2018-07-13T01:56:38","date_gmt":"2018-07-13T01:56:38","guid":{"rendered":"https:\/\/pulidosegea.com\/?page_id=43"},"modified":"2018-07-13T01:56:38","modified_gmt":"2018-07-13T01:56:38","slug":"politica-de-privacidad","status":"publish","type":"page","link":"https:\/\/pulidosegea.com\/en\/politica-de-privacidad\/","title":{"rendered":"Politica de Privacidad"},"content":{"rendered":"<p>pulidosegea.com como titular y gestor del sitio web que visitas, expone en este apartado la Pol\u00edtica de Privacidad en el uso, y sobre la informaci\u00f3n de car\u00e1cter personal que el usuario puede facilitar cuando visite o navegue por la p\u00e1gina web de nuestra titularidad.<\/p>\n<p>En el tratamiento de datos de car\u00e1cter personal,\u00a0 pulidosegea.com garantiza el cumplimiento de la Ley Org\u00e1nica 15\/1999, de 13 de diciembre, de Protecci\u00f3n de Datos de Car\u00e1cter Personal y su normativa de desarrollo, Real Decreto 1720\/2007, de 21 de diciembre, por el que se aprueba su Reglamento, as\u00ed como la LSSICE 34\/2002, del 11 de julio, de la Sociedad de la Informaci\u00f3n y de Comercio Electr\u00f3nico. Por lo que informa a todos los usuarios, que los datos remitidos o suministrados a trav\u00e9s de la presente ser\u00e1n incorporados a un fichero automatizado debidamente inscrito en la Agencia Espa\u00f1ola de Protecci\u00f3n de Datos, en el que el responsable de dicho fichero es: Victor M. Egea Barneo (En adelante pulidosegea.com) con NIF: 44756147X y domicilio social: C\/ Comparsa Vizcainos, 1, 3b &#8211; 03610 Petrer (Alicante)<strong><br \/>\n<\/strong><\/p>\n<p>pulidosegea.com se reserva el derecho de modificar la presente Pol\u00edtica de Protecci\u00f3n de Datos en cualquier momento, con el fin de adaptarla a novedades legislativas o cambios en sus actividades, siendo vigente la que en cada momento se encuentre publicada en nuestra web.<\/p>\n<ol>\n<li><strong>CALIDAD Y FINALIDAD<\/strong><\/li>\n<\/ol>\n<p>Al hacer \u201cclick\u201d en el bot\u00f3n \u201cEnviar\u201d (o equivalente) incorporado en nuestros formularios, el usuario declara que la informaci\u00f3n y los datos que en ellos ha facilitado son exactos y veraces. Para que la informaci\u00f3n facilitada est\u00e9 siempre actualizada y no contenga errores, el Usuario deber\u00e1 comunicar, a la mayor brevedad posible, las modificaciones de sus datos de car\u00e1cter personal que se vayan produciendo, as\u00ed como las rectificaciones de datos err\u00f3neos en caso de que detecte alguno. <strong>El Usuario garantiza que los datos aportados son verdaderos, exactos, completos y actualizados, siendo responsable de cualquier da\u00f1o o perjuicio, directo o indirecto, que pudiera ocasionarse como consecuencia del incumplimiento de tal obligaci\u00f3n.<\/strong> <strong>En funci\u00f3n del formulario y\/o correo electr\u00f3nico al que accedas, o remitas, la informaci\u00f3n que nos facilites se utilizar\u00e1 para las finalidades descritas a continuaci\u00f3n,<\/strong><strong> por lo que aceptas expresamente y de forma libre e inequ\u00edvoca su tratamiento con acuerdo a las siguientes finalidades:<\/strong><\/p>\n<ol>\n<li>Las que particularmente se indiquen en cada una de las p\u00e1ginas donde aparezca el formulario de registro electr\u00f3nico.<\/li>\n<li>Con car\u00e1cter general, para atender tus solicitudes, consultas, comentarios, encargos o cualquier tipo de petici\u00f3n que sea realizada por el usuario a trav\u00e9s de cualquiera de las formas de contacto que ponemos a disposici\u00f3n de nuestros usuarios, seguidores o lectores.<\/li>\n<li>Para informarte sobre consultas, peticiones, actividades, productos, novedades y\/o servicios; v\u00eda e-mail, fax, Whatsapp, Skipe, tel\u00e9fono proporcionado, comunidades sociales (Redes Sociales), y de igual forma para enviarle comunicaciones comerciales a trav\u00e9s de cualesquier otro medio electr\u00f3nico o f\u00edsico. Estas comunicaciones, siempre ser\u00e1n relacionadas con nuestros tema, servicios, novedades o promociones, as\u00ed como aquellas que considerar de su inter\u00e9s y que puedan ofrecer colaboradores, empresas o partners con los que mantengamos acuerdos de promoci\u00f3n comercial. De ser as\u00ed, garantizamos que estos terceros nunca tendr\u00e1n acceso a sus datos personales. Siendo en todo caso estas comunicaciones realizadas por parte de pulidosegea.com<strong>,<\/strong> y siempre sobre productos y servicios relacionados con nuestro sector.<\/li>\n<li>Elaborar perfiles de mercado con fines publicitarios o estad\u00edsticos.<\/li>\n<li>Esa misma informaci\u00f3n podr\u00e1 ofrec\u00e9rsele o remit\u00edrsele al hacerse seguidor de los perfiles de pulidosegea.com en\u00a0las redes sociales que enlazan este Sitio Web, por lo que al hacerte seguidor de cualquiera de los dos consientes expresamente el tratamiento de tus datos personales dentro del entorno de estas redes sociales, en cumplimiento de las presentes, as\u00ed como de las condiciones particulares y pol\u00edticas de privacidad de las mismas. Si desean dejar de recibir dicha informaci\u00f3n o que esos datos sean cancelados, puedes darte de baja como seguidor de nuestros perfiles en estas redes. Adem\u00e1s, los seguidores en redes sociales podr\u00e1n ejercer los derechos que la Ley les confiere, si bien, puesto que dichas plataformas pertenecen a terceros, las respuestas a los ejercicios de derechos por parte del pulidosegea.com quedar\u00e1n limitadas por las funcionalidades que permita la red social de que se trate, por lo que recomendamos que antes de seguir nuestros perfiles en redes sociales revises las condiciones de uso y pol\u00edticas de privacidad de las mismas.<\/li>\n<li><strong>BAJA EN SUSCRIPCI\u00d3N A NEWSLETTER Y ENVIO DE COMUNICACIONES COMERCIALES<\/strong><\/li>\n<\/ol>\n<p><strong>En cumplimiento de la LSSI-CE 34\/2002, de 11 de julio, de la Sociedad de la Informaci\u00f3n y del Comercio Electr\u00f3nico, le informamos que podr\u00e1 <\/strong><strong>en cualquier momento <u>revocar el consentimiento prestado<\/u> para \u00e9l envi\u00f3 de comunicaciones comerciales, o para causar baja en nuestros servicios de subscripci\u00f3n, tan solo enviando un correo electr\u00f3nico indicando su solicitud a: pulidosegea@redmocion.es\u00a0 indicando: BAJA SUSCRIPCI\u00d3N PULIDOSEGEA<br \/>\n<\/strong><\/p>\n<ol start=\"3\">\n<li><strong>DATOS DE TERCEROS<\/strong><\/li>\n<\/ol>\n<p>En el supuesto de que nos facilites datos de car\u00e1cter personal de terceras personas, en cumplimiento de lo dispuesto en el art\u00edculo 5.4. LOPD, <strong>declaras haber informado a dichas personas <u>con car\u00e1cter previo<\/u>, del contenido de los datos facilitados, de la procedencia de los mismos, de la existencia y finalidad del fichero donde se contienen sus datos, de los destinatarios de dicha informaci\u00f3n, de la posibilidad de ejercitar los derechos de acceso, rectificaci\u00f3n, cancelaci\u00f3n u oposici\u00f3n, as\u00ed como de los datos identificativos de pulidosegea.com <\/strong><strong>En este sentido, es de su exclusiva responsabilidad informar de tal circunstancia a los terceros cuyos datos nos va a ceder, no asumiendo pulidosegea.com ninguna responsabilidad por el incumplimiento de este precepto por parte del usuario.<\/strong><\/p>\n<ol start=\"4\">\n<li><strong>EJERCICIO DE DERECHOS<\/strong><\/li>\n<\/ol>\n<p>El titular de los datos podr\u00e1 ejercer sus derechos de acceso, rectificaci\u00f3n, cancelaci\u00f3n y oposici\u00f3n dirigi\u00e9ndose a pulidosegea.com: <a href=\"mailto:pulidosegea@redmocion.es\">pulidosegea@redmocion.es<\/a> Dicha solicitud deber\u00e1 contener los siguientes datos: nombre y apellidos, domicilio a efecto de notificaciones, fotocopia del DNI I o Pasaporte.<\/p>\n<ol start=\"2\">\n<li>MEDIDAS DE SEGURIDAD<\/li>\n<\/ol>\n<p>pulidosegea.com ha adoptado todas las medidas t\u00e9cnicas y de organizaci\u00f3n necesaria para garantizar la seguridad e integridad de los datos de car\u00e1cter personal que trate, as\u00ed como para evitar su p\u00e9rdida, alteraci\u00f3n y\/o acceso por parte de terceros no autorizados. <strong>No obstante lo anterior, el usuario reconoce y acepta que las medidas de seguridad en Internet no son inexpugnables.<\/strong><\/p>","protected":false},"excerpt":{"rendered":"<p>pulidosegea.com como titular y gestor del sitio web que visitas, expone en este apartado la Pol\u00edtica de Privacidad en el uso, y sobre la informaci\u00f3n de car\u00e1cter personal que el usuario puede facilitar cuando visite o navegue por la p\u00e1gina web de nuestra titularidad. En el tratamiento de datos de car\u00e1cter personal,\u00a0 pulidosegea.com garantiza el [&hellip;]<\/p>","protected":false},"author":1,"featured_media":0,"parent":0,"menu_order":0,"comment_status":"closed","ping_status":"closed","template":"","meta":{"_uag_custom_page_level_css":"","site-sidebar-layout":"default","site-content-layout":"","ast-site-content-layout":"","site-content-style":"default","site-sidebar-style":"default","ast-global-header-display":"","ast-banner-title-visibility":"","ast-main-header-display":"","ast-hfb-above-header-display":"","ast-hfb-below-header-display":"","ast-hfb-mobile-header-display":"","site-post-title":"","ast-breadcrumbs-content":"","ast-featured-img":"","footer-sml-layout":"","theme-transparent-header-meta":"","adv-header-id-meta":"","stick-header-meta":"","header-above-stick-meta":"","header-main-stick-meta":"","header-below-stick-meta":"","astra-migrate-meta-layouts":"default","ast-page-background-enabled":"default","ast-page-background-meta":{"desktop":{"background-color":"","background-image":"","background-repeat":"repeat","background-position":"center center","background-size":"auto","background-attachment":"scroll","background-type":"","background-media":"","overlay-type":"","overlay-color":"","overlay-opacity":"","overlay-gradient":""},"tablet":{"background-color":"","background-image":"","background-repeat":"repeat","background-position":"center center","background-size":"auto","background-attachment":"scroll","background-type":"","background-media":"","overlay-type":"","overlay-color":"","overlay-opacity":"","overlay-gradient":""},"mobile":{"background-color":"","background-image":"","background-repeat":"repeat","background-position":"center center","background-size":"auto","background-attachment":"scroll","background-type":"","background-media":"","overlay-type":"","overlay-color":"","overlay-opacity":"","overlay-gradient":""}},"ast-content-background-meta":{"desktop":{"background-color":"var(--ast-global-color-5)","background-image":"","background-repeat":"repeat","background-position":"center center","background-size":"auto","background-attachment":"scroll","background-type":"","background-media":"","overlay-type":"","overlay-color":"","overlay-opacity":"","overlay-gradient":""},"tablet":{"background-color":"var(--ast-global-color-5)","background-image":"","background-repeat":"repeat","background-position":"center center","background-size":"auto","background-attachment":"scroll","background-type":"","background-media":"","overlay-type":"","overlay-color":"","overlay-opacity":"","overlay-gradient":""},"mobile":{"background-color":"var(--ast-global-color-5)","background-image":"","background-repeat":"repeat","background-position":"center center","background-size":"auto","background-attachment":"scroll","background-type":"","background-media":"","overlay-type":"","overlay-color":"","overlay-opacity":"","overlay-gradient":""}},"_joinchat":[],"footnotes":""},"class_list":["post-43","page","type-page","status-publish","hentry"],"yoast_head":"<!-- This site is optimized with the Yoast SEO plugin v23.1 - https:\/\/yoast.com\/wordpress\/plugins\/seo\/ -->\n<title>Politica de Privacidad - Pulidos Egea<\/title>\n<meta name=\"robots\" content=\"noindex, nofollow\" \/>\n<meta property=\"og:locale\" content=\"en_GB\" \/>\n<meta property=\"og:type\" content=\"article\" \/>\n<meta property=\"og:title\" content=\"Politica de Privacidad - Pulidos Egea\" \/>\n<meta property=\"og:description\" content=\"pulidosegea.com como titular y gestor del sitio web que visitas, expone en este apartado la Pol\u00edtica de Privacidad en el uso, y sobre la informaci\u00f3n de car\u00e1cter personal que el usuario puede facilitar cuando visite o navegue por la p\u00e1gina web de nuestra titularidad. En el tratamiento de datos de car\u00e1cter personal,\u00a0 pulidosegea.com garantiza el [&hellip;]\" \/>\n<meta property=\"og:url\" content=\"https:\/\/pulidosegea.com\/en\/politica-de-privacidad\/\" \/>\n<meta property=\"og:site_name\" content=\"Pulidos Egea\" \/>\n<meta property=\"article:publisher\" content=\"https:\/\/www.facebook.com\/pulidosegea\/\" \/>\n<meta name=\"twitter:card\" content=\"summary_large_image\" \/>\n<meta name=\"twitter:label1\" content=\"Estimated reading time\" \/>\n\t<meta name=\"twitter:data1\" content=\"6 minutes\" \/>\n<script type=\"application\/ld+json\" class=\"yoast-schema-graph\">{\"@context\":\"https:\/\/schema.org\",\"@graph\":[{\"@type\":\"WebPage\",\"@id\":\"https:\/\/pulidosegea.com\/politica-de-privacidad\/\",\"url\":\"https:\/\/pulidosegea.com\/politica-de-privacidad\/\",\"name\":\"Politica de Privacidad - Pulidos Egea\",\"isPartOf\":{\"@id\":\"https:\/\/pulidosegea.com\/#website\"},\"datePublished\":\"2018-07-13T01:56:38+00:00\",\"dateModified\":\"2018-07-13T01:56:38+00:00\",\"breadcrumb\":{\"@id\":\"https:\/\/pulidosegea.com\/politica-de-privacidad\/#breadcrumb\"},\"inLanguage\":\"en-GB\",\"potentialAction\":[{\"@type\":\"ReadAction\",\"target\":[\"https:\/\/pulidosegea.com\/politica-de-privacidad\/\"]}]},{\"@type\":\"BreadcrumbList\",\"@id\":\"https:\/\/pulidosegea.com\/politica-de-privacidad\/#breadcrumb\",\"itemListElement\":[{\"@type\":\"ListItem\",\"position\":1,\"name\":\"Portada\",\"item\":\"https:\/\/pulidosegea.com\/\"},{\"@type\":\"ListItem\",\"position\":2,\"name\":\"Politica de Privacidad\"}]},{\"@type\":\"WebSite\",\"@id\":\"https:\/\/pulidosegea.com\/#website\",\"url\":\"https:\/\/pulidosegea.com\/\",\"name\":\"Pulidos Egea\",\"description\":\"Pulido y Cristalizado de Suelos\",\"publisher\":{\"@id\":\"https:\/\/pulidosegea.com\/#organization\"},\"potentialAction\":[{\"@type\":\"SearchAction\",\"target\":{\"@type\":\"EntryPoint\",\"urlTemplate\":\"https:\/\/pulidosegea.com\/?s={search_term_string}\"},\"query-input\":\"required name=search_term_string\"}],\"inLanguage\":\"en-GB\"},{\"@type\":\"Organization\",\"@id\":\"https:\/\/pulidosegea.com\/#organization\",\"name\":\"Pulidos Egea\",\"url\":\"https:\/\/pulidosegea.com\/\",\"logo\":{\"@type\":\"ImageObject\",\"inLanguage\":\"en-GB\",\"@id\":\"https:\/\/pulidosegea.com\/#\/schema\/logo\/image\/\",\"url\":\"https:\/\/pulidosegea.com\/wp-content\/uploads\/2018\/07\/logo_pulidos_alicante_egea_resp-1.png\",\"contentUrl\":\"https:\/\/pulidosegea.com\/wp-content\/uploads\/2018\/07\/logo_pulidos_alicante_egea_resp-1.png\",\"width\":250,\"height\":157,\"caption\":\"Pulidos Egea\"},\"image\":{\"@id\":\"https:\/\/pulidosegea.com\/#\/schema\/logo\/image\/\"},\"sameAs\":[\"https:\/\/www.facebook.com\/pulidosegea\/\"]}]}<\/script>\n<!-- \/ Yoast SEO plugin. -->","yoast_head_json":{"title":"Politica de Privacidad - Pulidos Egea","robots":{"index":"noindex","follow":"nofollow"},"og_locale":"en_GB","og_type":"article","og_title":"Politica de Privacidad - Pulidos Egea","og_description":"pulidosegea.com como titular y gestor del sitio web que visitas, expone en este apartado la Pol\u00edtica de Privacidad en el uso, y sobre la informaci\u00f3n de car\u00e1cter personal que el usuario puede facilitar cuando visite o navegue por la p\u00e1gina web de nuestra titularidad. En el tratamiento de datos de car\u00e1cter personal,\u00a0 pulidosegea.com garantiza el [&hellip;]","og_url":"https:\/\/pulidosegea.com\/en\/politica-de-privacidad\/","og_site_name":"Pulidos Egea","article_publisher":"https:\/\/www.facebook.com\/pulidosegea\/","twitter_card":"summary_large_image","twitter_misc":{"Estimated reading time":"6 minutes"},"schema":{"@context":"https:\/\/schema.org","@graph":[{"@type":"WebPage","@id":"https:\/\/pulidosegea.com\/politica-de-privacidad\/","url":"https:\/\/pulidosegea.com\/politica-de-privacidad\/","name":"Politica de Privacidad - Pulidos Egea","isPartOf":{"@id":"https:\/\/pulidosegea.com\/#website"},"datePublished":"2018-07-13T01:56:38+00:00","dateModified":"2018-07-13T01:56:38+00:00","breadcrumb":{"@id":"https:\/\/pulidosegea.com\/politica-de-privacidad\/#breadcrumb"},"inLanguage":"en-GB","potentialAction":[{"@type":"ReadAction","target":["https:\/\/pulidosegea.com\/politica-de-privacidad\/"]}]},{"@type":"BreadcrumbList","@id":"https:\/\/pulidosegea.com\/politica-de-privacidad\/#breadcrumb","itemListElement":[{"@type":"ListItem","position":1,"name":"Portada","item":"https:\/\/pulidosegea.com\/"},{"@type":"ListItem","position":2,"name":"Politica de Privacidad"}]},{"@type":"WebSite","@id":"https:\/\/pulidosegea.com\/#website","url":"https:\/\/pulidosegea.com\/","name":"Pulidos Egea","description":"Pulido y Cristalizado de Suelos","publisher":{"@id":"https:\/\/pulidosegea.com\/#organization"},"potentialAction":[{"@type":"SearchAction","target":{"@type":"EntryPoint","urlTemplate":"https:\/\/pulidosegea.com\/?s={search_term_string}"},"query-input":"required name=search_term_string"}],"inLanguage":"en-GB"},{"@type":"Organization","@id":"https:\/\/pulidosegea.com\/#organization","name":"Pulidos Egea","url":"https:\/\/pulidosegea.com\/","logo":{"@type":"ImageObject","inLanguage":"en-GB","@id":"https:\/\/pulidosegea.com\/#\/schema\/logo\/image\/","url":"https:\/\/pulidosegea.com\/wp-content\/uploads\/2018\/07\/logo_pulidos_alicante_egea_resp-1.png","contentUrl":"https:\/\/pulidosegea.com\/wp-content\/uploads\/2018\/07\/logo_pulidos_alicante_egea_resp-1.png","width":250,"height":157,"caption":"Pulidos Egea"},"image":{"@id":"https:\/\/pulidosegea.com\/#\/schema\/logo\/image\/"},"sameAs":["https:\/\/www.facebook.com\/pulidosegea\/"]}]}},"uagb_featured_image_src":{"full":false,"thumbnail":false,"medium":false,"medium_large":false,"large":false,"1536x1536":false,"2048x2048":false,"trp-custom-language-flag":false},"uagb_author_info":{"display_name":"admin","author_link":"https:\/\/pulidosegea.com\/en\/author\/admin\/"},"uagb_comment_info":0,"uagb_excerpt":"pulidosegea.com como titular y gestor del sitio web que visitas, expone en este apartado la Pol\u00edtica de Privacidad en el uso, y sobre la informaci\u00f3n de car\u00e1cter personal que el usuario puede facilitar cuando visite o navegue por la p\u00e1gina web de nuestra titularidad. En el tratamiento de datos de car\u00e1cter personal,\u00a0 pulidosegea.com garantiza el&hellip;","_links":{"self":[{"href":"https:\/\/pulidosegea.com\/en\/wp-json\/wp\/v2\/pages\/43"}],"collection":[{"href":"https:\/\/pulidosegea.com\/en\/wp-json\/wp\/v2\/pages"}],"about":[{"href":"https:\/\/pulidosegea.com\/en\/wp-json\/wp\/v2\/types\/page"}],"author":[{"embeddable":true,"href":"https:\/\/pulidosegea.com\/en\/wp-json\/wp\/v2\/users\/1"}],"replies":[{"embeddable":true,"href":"https:\/\/pulidosegea.com\/en\/wp-json\/wp\/v2\/comments?post=43"}],"version-history":[{"count":1,"href":"https:\/\/pulidosegea.com\/en\/wp-json\/wp\/v2\/pages\/43\/revisions"}],"predecessor-version":[{"id":45,"href":"https:\/\/pulidosegea.com\/en\/wp-json\/wp\/v2\/pages\/43\/revisions\/45"}],"wp:attachment":[{"href":"https:\/\/pulidosegea.com\/en\/wp-json\/wp\/v2\/media?parent=43"}],"curies":[{"name":"wp","href":"https:\/\/api.w.org\/{rel}","templated":true}]}}