{"id":61,"date":"2018-07-16T16:32:45","date_gmt":"2018-07-16T16:32:45","guid":{"rendered":"https:\/\/pulidosegea.com\/?page_id=61"},"modified":"2018-07-30T09:11:34","modified_gmt":"2018-07-30T09:11:34","slug":"pulido-de-terrazo","status":"publish","type":"page","link":"https:\/\/pulidosegea.com\/en\/pulido-de-terrazo\/","title":{"rendered":"Pulido de terrazo"},"content":{"rendered":"<div class=\"headline style-2\">\n<h2 style=\"text-align: center;\">Pulir, abrillantar y cristalizar suelos de terrazo<\/h2>\n<\/div>\n<div class=\"wpb_text_column wpb_content_element\">\n<div class=\"wpb_wrapper\">\n<p style=\"text-align: left;\">Para <b>pulir suelos de terrazo<\/b> antes hay que tomar en cuenta varios aspectos.<\/p>\n<p>Una de las principales caracter\u00edsticas de estos suelos es que son pavimentos colocados y pulidos durante la obra, haciendo que sea una superficie totalmente lisa y sin juntas.<\/p>\n<\/div>\n<\/div>\n<div class=\"wpb_text_column wpb_content_element\">\n<div class=\"wpb_wrapper\">\n<blockquote><p>\u00abPara poder pulir suelo de terrazo de manera correcta es necesario un mantenimiento y abrillantado que desvelar\u00e1 su aut\u00e9ntico potencial, restaurando y renovando su forma original. Abrillantar suelos de terrazo es uno de los procesos m\u00e1s importantes de nuestro trabajo.\u00bb<\/p><\/blockquote>\n<\/div>\n<\/div>\n<div class=\"wpb_text_column wpb_content_element\">\n<div class=\"wpb_wrapper\">\n<p>A la hora de realizar el <b>pulido de terrazo<\/b>, utilizamos la maquinaria m\u00e1s adecuada adaptada a este tipo de suelos, eliminando todos los defectos e imperfecciones que el desgaste y el paso del tiempo generan en el pavimento.<\/p>\n<h2>\u00bfCu\u00e1les son los pasos?<\/h2>\n<p>Una vez realizado el pulido de terrazo, efectuamos el <b>cristalizado o abrillantado<\/b> del suelo para lograr un acabado de primera calidad.<\/p>\n<p>Abrillantar suelos de terrazo logra que estas superficies se muestren m\u00e1s resistentes al desgaste, evitando que el suelo no se raye ni resbale.<\/p>\n<p>Completado el mantenimiento del suelo de terrazo, su estado podr\u00eda durar a\u00f1os, dependiendo del entorno y de factores como el tipo de limpieza o el n\u00famero de personas que transitan.<\/p>\n<p>A la hora de decidir pulir tu suelo de terrazo es necesario tener en cuenta la profesionalidad y experiencia de la empresa que realiza la labor.<\/p>\n<p>En Pulidos Egea creemos que el terrazo merece todos nuestros respetos y por eso solo logramos resultados brillantes.<\/p>\n<\/div>\n<\/div>","protected":false},"excerpt":{"rendered":"<p>Pulir, abrillantar y cristalizar suelos de terrazo Para pulir suelos de terrazo antes hay que tomar en cuenta varios aspectos. Una de las principales caracter\u00edsticas de estos suelos es que son pavimentos colocados y pulidos durante la obra, haciendo que sea una superficie totalmente lisa y sin juntas. \u00abPara poder pulir suelo de terrazo de [&hellip;]<\/p>","protected":false},"author":1,"featured_media":91,"parent":0,"menu_order":0,"comment_status":"closed","ping_status":"closed","template":"","meta":{"_uag_custom_page_level_css":"","site-sidebar-layout":"default","site-content-layout":"","ast-site-content-layout":"","site-content-style":"default","site-sidebar-style":"default","ast-global-header-display":"","ast-banner-title-visibility":"","ast-main-header-display":"","ast-hfb-above-header-display":"","ast-hfb-below-header-display":"","ast-hfb-mobile-header-display":"","site-post-title":"","ast-breadcrumbs-content":"","ast-featured-img":"","footer-sml-layout":"","theme-transparent-header-meta":"","adv-header-id-meta":"","stick-header-meta":"","header-above-stick-meta":"","header-main-stick-meta":"","header-below-stick-meta":"","astra-migrate-meta-layouts":"default","ast-page-background-enabled":"default","ast-page-background-meta":{"desktop":{"background-color":"","background-image":"","background-repeat":"repeat","background-position":"center center","background-size":"auto","background-attachment":"scroll","background-type":"","background-media":"","overlay-type":"","overlay-color":"","overlay-opacity":"","overlay-gradient":""},"tablet":{"background-color":"","background-image":"","background-repeat":"repeat","background-position":"center center","background-size":"auto","background-attachment":"scroll","background-type":"","background-media":"","overlay-type":"","overlay-color":"","overlay-opacity":"","overlay-gradient":""},"mobile":{"background-color":"","background-image":"","background-repeat":"repeat","background-position":"center center","background-size":"auto","background-attachment":"scroll","background-type":"","background-media":"","overlay-type":"","overlay-color":"","overlay-opacity":"","overlay-gradient":""}},"ast-content-background-meta":{"desktop":{"background-color":"var(--ast-global-color-5)","background-image":"","background-repeat":"repeat","background-position":"center center","background-size":"auto","background-attachment":"scroll","background-type":"","background-media":"","overlay-type":"","overlay-color":"","overlay-opacity":"","overlay-gradient":""},"tablet":{"background-color":"var(--ast-global-color-5)","background-image":"","background-repeat":"repeat","background-position":"center center","background-size":"auto","background-attachment":"scroll","background-type":"","background-media":"","overlay-type":"","overlay-color":"","overlay-opacity":"","overlay-gradient":""},"mobile":{"background-color":"var(--ast-global-color-5)","background-image":"","background-repeat":"repeat","background-position":"center center","background-size":"auto","background-attachment":"scroll","background-type":"","background-media":"","overlay-type":"","overlay-color":"","overlay-opacity":"","overlay-gradient":""}},"_joinchat":[],"footnotes":""},"class_list":["post-61","page","type-page","status-publish","has-post-thumbnail","hentry"],"yoast_head":"<!-- This site is optimized with the Yoast SEO plugin v23.1 - https:\/\/yoast.com\/wordpress\/plugins\/seo\/ -->\n<title>Pulido de terrazo - Pulidos Egea<\/title>\n<meta name=\"robots\" content=\"index, follow, max-snippet:-1, max-image-preview:large, max-video-preview:-1\" \/>\n<link rel=\"canonical\" href=\"https:\/\/pulidosegea.com\/en\/pulido-de-terrazo\/\" \/>\n<meta property=\"og:locale\" content=\"en_GB\" \/>\n<meta property=\"og:type\" content=\"article\" \/>\n<meta property=\"og:title\" content=\"Pulido de terrazo - Pulidos Egea\" \/>\n<meta property=\"og:description\" content=\"Pulir, abrillantar y cristalizar suelos de terrazo Para pulir suelos de terrazo antes hay que tomar en cuenta varios aspectos. Una de las principales caracter\u00edsticas de estos suelos es que son pavimentos colocados y pulidos durante la obra, haciendo que sea una superficie totalmente lisa y sin juntas. \u00abPara poder pulir suelo de terrazo de [&hellip;]\" \/>\n<meta property=\"og:url\" content=\"https:\/\/pulidosegea.com\/en\/pulido-de-terrazo\/\" \/>\n<meta property=\"og:site_name\" content=\"Pulidos Egea\" \/>\n<meta property=\"article:publisher\" content=\"https:\/\/www.facebook.com\/pulidosegea\/\" \/>\n<meta property=\"article:modified_time\" content=\"2018-07-30T09:11:34+00:00\" \/>\n<meta property=\"og:image\" content=\"https:\/\/pulidosegea.com\/wp-content\/uploads\/2018\/07\/pulido-cristalizado-suelo-terrazo.jpg\" \/>\n\t<meta property=\"og:image:width\" content=\"2048\" \/>\n\t<meta property=\"og:image:height\" content=\"1152\" \/>\n\t<meta property=\"og:image:type\" content=\"image\/jpeg\" \/>\n<meta name=\"twitter:card\" content=\"summary_large_image\" \/>\n<meta name=\"twitter:label1\" content=\"Estimated reading time\" \/>\n\t<meta name=\"twitter:data1\" content=\"1 minute\" \/>\n<script type=\"application\/ld+json\" class=\"yoast-schema-graph\">{\"@context\":\"https:\/\/schema.org\",\"@graph\":[{\"@type\":\"WebPage\",\"@id\":\"https:\/\/pulidosegea.com\/pulido-de-terrazo\/\",\"url\":\"https:\/\/pulidosegea.com\/pulido-de-terrazo\/\",\"name\":\"Pulido de terrazo - Pulidos Egea\",\"isPartOf\":{\"@id\":\"https:\/\/pulidosegea.com\/#website\"},\"primaryImageOfPage\":{\"@id\":\"https:\/\/pulidosegea.com\/pulido-de-terrazo\/#primaryimage\"},\"image\":{\"@id\":\"https:\/\/pulidosegea.com\/pulido-de-terrazo\/#primaryimage\"},\"thumbnailUrl\":\"https:\/\/pulidosegea.com\/wp-content\/uploads\/2018\/07\/pulido-cristalizado-suelo-terrazo.jpg\",\"datePublished\":\"2018-07-16T16:32:45+00:00\",\"dateModified\":\"2018-07-30T09:11:34+00:00\",\"breadcrumb\":{\"@id\":\"https:\/\/pulidosegea.com\/pulido-de-terrazo\/#breadcrumb\"},\"inLanguage\":\"en-GB\",\"potentialAction\":[{\"@type\":\"ReadAction\",\"target\":[\"https:\/\/pulidosegea.com\/pulido-de-terrazo\/\"]}]},{\"@type\":\"ImageObject\",\"inLanguage\":\"en-GB\",\"@id\":\"https:\/\/pulidosegea.com\/pulido-de-terrazo\/#primaryimage\",\"url\":\"https:\/\/pulidosegea.com\/wp-content\/uploads\/2018\/07\/pulido-cristalizado-suelo-terrazo.jpg\",\"contentUrl\":\"https:\/\/pulidosegea.com\/wp-content\/uploads\/2018\/07\/pulido-cristalizado-suelo-terrazo.jpg\",\"width\":2048,\"height\":1152,\"caption\":\"pulido y cristalizado de suelo de terrazo en Alicante\"},{\"@type\":\"BreadcrumbList\",\"@id\":\"https:\/\/pulidosegea.com\/pulido-de-terrazo\/#breadcrumb\",\"itemListElement\":[{\"@type\":\"ListItem\",\"position\":1,\"name\":\"Portada\",\"item\":\"https:\/\/pulidosegea.com\/\"},{\"@type\":\"ListItem\",\"position\":2,\"name\":\"Pulido de terrazo\"}]},{\"@type\":\"WebSite\",\"@id\":\"https:\/\/pulidosegea.com\/#website\",\"url\":\"https:\/\/pulidosegea.com\/\",\"name\":\"Pulidos Egea\",\"description\":\"Pulido y Cristalizado de Suelos\",\"publisher\":{\"@id\":\"https:\/\/pulidosegea.com\/#organization\"},\"potentialAction\":[{\"@type\":\"SearchAction\",\"target\":{\"@type\":\"EntryPoint\",\"urlTemplate\":\"https:\/\/pulidosegea.com\/?s={search_term_string}\"},\"query-input\":\"required name=search_term_string\"}],\"inLanguage\":\"en-GB\"},{\"@type\":\"Organization\",\"@id\":\"https:\/\/pulidosegea.com\/#organization\",\"name\":\"Pulidos Egea\",\"url\":\"https:\/\/pulidosegea.com\/\",\"logo\":{\"@type\":\"ImageObject\",\"inLanguage\":\"en-GB\",\"@id\":\"https:\/\/pulidosegea.com\/#\/schema\/logo\/image\/\",\"url\":\"https:\/\/pulidosegea.com\/wp-content\/uploads\/2018\/07\/logo_pulidos_alicante_egea_resp-1.png\",\"contentUrl\":\"https:\/\/pulidosegea.com\/wp-content\/uploads\/2018\/07\/logo_pulidos_alicante_egea_resp-1.png\",\"width\":250,\"height\":157,\"caption\":\"Pulidos Egea\"},\"image\":{\"@id\":\"https:\/\/pulidosegea.com\/#\/schema\/logo\/image\/\"},\"sameAs\":[\"https:\/\/www.facebook.com\/pulidosegea\/\"]}]}<\/script>\n<!-- \/ Yoast SEO plugin. -->","yoast_head_json":{"title":"Pulido de terrazo - Pulidos Egea","robots":{"index":"index","follow":"follow","max-snippet":"max-snippet:-1","max-image-preview":"max-image-preview:large","max-video-preview":"max-video-preview:-1"},"canonical":"https:\/\/pulidosegea.com\/en\/pulido-de-terrazo\/","og_locale":"en_GB","og_type":"article","og_title":"Pulido de terrazo - Pulidos Egea","og_description":"Pulir, abrillantar y cristalizar suelos de terrazo Para pulir suelos de terrazo antes hay que tomar en cuenta varios aspectos. Una de las principales caracter\u00edsticas de estos suelos es que son pavimentos colocados y pulidos durante la obra, haciendo que sea una superficie totalmente lisa y sin juntas. \u00abPara poder pulir suelo de terrazo de [&hellip;]","og_url":"https:\/\/pulidosegea.com\/en\/pulido-de-terrazo\/","og_site_name":"Pulidos Egea","article_publisher":"https:\/\/www.facebook.com\/pulidosegea\/","article_modified_time":"2018-07-30T09:11:34+00:00","og_image":[{"width":2048,"height":1152,"url":"https:\/\/pulidosegea.com\/wp-content\/uploads\/2018\/07\/pulido-cristalizado-suelo-terrazo.jpg","type":"image\/jpeg"}],"twitter_card":"summary_large_image","twitter_misc":{"Estimated reading time":"1 minute"},"schema":{"@context":"https:\/\/schema.org","@graph":[{"@type":"WebPage","@id":"https:\/\/pulidosegea.com\/pulido-de-terrazo\/","url":"https:\/\/pulidosegea.com\/pulido-de-terrazo\/","name":"Pulido de terrazo - Pulidos Egea","isPartOf":{"@id":"https:\/\/pulidosegea.com\/#website"},"primaryImageOfPage":{"@id":"https:\/\/pulidosegea.com\/pulido-de-terrazo\/#primaryimage"},"image":{"@id":"https:\/\/pulidosegea.com\/pulido-de-terrazo\/#primaryimage"},"thumbnailUrl":"https:\/\/pulidosegea.com\/wp-content\/uploads\/2018\/07\/pulido-cristalizado-suelo-terrazo.jpg","datePublished":"2018-07-16T16:32:45+00:00","dateModified":"2018-07-30T09:11:34+00:00","breadcrumb":{"@id":"https:\/\/pulidosegea.com\/pulido-de-terrazo\/#breadcrumb"},"inLanguage":"en-GB","potentialAction":[{"@type":"ReadAction","target":["https:\/\/pulidosegea.com\/pulido-de-terrazo\/"]}]},{"@type":"ImageObject","inLanguage":"en-GB","@id":"https:\/\/pulidosegea.com\/pulido-de-terrazo\/#primaryimage","url":"https:\/\/pulidosegea.com\/wp-content\/uploads\/2018\/07\/pulido-cristalizado-suelo-terrazo.jpg","contentUrl":"https:\/\/pulidosegea.com\/wp-content\/uploads\/2018\/07\/pulido-cristalizado-suelo-terrazo.jpg","width":2048,"height":1152,"caption":"pulido y cristalizado de suelo de terrazo en Alicante"},{"@type":"BreadcrumbList","@id":"https:\/\/pulidosegea.com\/pulido-de-terrazo\/#breadcrumb","itemListElement":[{"@type":"ListItem","position":1,"name":"Portada","item":"https:\/\/pulidosegea.com\/"},{"@type":"ListItem","position":2,"name":"Pulido de terrazo"}]},{"@type":"WebSite","@id":"https:\/\/pulidosegea.com\/#website","url":"https:\/\/pulidosegea.com\/","name":"Pulidos Egea","description":"Pulido y Cristalizado de Suelos","publisher":{"@id":"https:\/\/pulidosegea.com\/#organization"},"potentialAction":[{"@type":"SearchAction","target":{"@type":"EntryPoint","urlTemplate":"https:\/\/pulidosegea.com\/?s={search_term_string}"},"query-input":"required name=search_term_string"}],"inLanguage":"en-GB"},{"@type":"Organization","@id":"https:\/\/pulidosegea.com\/#organization","name":"Pulidos Egea","url":"https:\/\/pulidosegea.com\/","logo":{"@type":"ImageObject","inLanguage":"en-GB","@id":"https:\/\/pulidosegea.com\/#\/schema\/logo\/image\/","url":"https:\/\/pulidosegea.com\/wp-content\/uploads\/2018\/07\/logo_pulidos_alicante_egea_resp-1.png","contentUrl":"https:\/\/pulidosegea.com\/wp-content\/uploads\/2018\/07\/logo_pulidos_alicante_egea_resp-1.png","width":250,"height":157,"caption":"Pulidos Egea"},"image":{"@id":"https:\/\/pulidosegea.com\/#\/schema\/logo\/image\/"},"sameAs":["https:\/\/www.facebook.com\/pulidosegea\/"]}]}},"uagb_featured_image_src":{"full":["https:\/\/pulidosegea.com\/wp-content\/uploads\/2018\/07\/pulido-cristalizado-suelo-terrazo.jpg",2048,1152,false],"thumbnail":["https:\/\/pulidosegea.com\/wp-content\/uploads\/2018\/07\/pulido-cristalizado-suelo-terrazo-150x150.jpg",150,150,true],"medium":["https:\/\/pulidosegea.com\/wp-content\/uploads\/2018\/07\/pulido-cristalizado-suelo-terrazo-300x169.jpg",300,169,true],"medium_large":["https:\/\/pulidosegea.com\/wp-content\/uploads\/2018\/07\/pulido-cristalizado-suelo-terrazo-768x432.jpg",768,432,true],"large":["https:\/\/pulidosegea.com\/wp-content\/uploads\/2018\/07\/pulido-cristalizado-suelo-terrazo-1024x576.jpg",1024,576,true],"1536x1536":["https:\/\/pulidosegea.com\/wp-content\/uploads\/2018\/07\/pulido-cristalizado-suelo-terrazo.jpg",1536,864,false],"2048x2048":["https:\/\/pulidosegea.com\/wp-content\/uploads\/2018\/07\/pulido-cristalizado-suelo-terrazo.jpg",2048,1152,false],"trp-custom-language-flag":["https:\/\/pulidosegea.com\/wp-content\/uploads\/2018\/07\/pulido-cristalizado-suelo-terrazo.jpg",18,10,false]},"uagb_author_info":{"display_name":"admin","author_link":"https:\/\/pulidosegea.com\/en\/author\/admin\/"},"uagb_comment_info":0,"uagb_excerpt":"Pulir, abrillantar y cristalizar suelos de terrazo Para pulir suelos de terrazo antes hay que tomar en cuenta varios aspectos. Una de las principales caracter\u00edsticas de estos suelos es que son pavimentos colocados y pulidos durante la obra, haciendo que sea una superficie totalmente lisa y sin juntas. \u00abPara poder pulir suelo de terrazo de&hellip;","_links":{"self":[{"href":"https:\/\/pulidosegea.com\/en\/wp-json\/wp\/v2\/pages\/61"}],"collection":[{"href":"https:\/\/pulidosegea.com\/en\/wp-json\/wp\/v2\/pages"}],"about":[{"href":"https:\/\/pulidosegea.com\/en\/wp-json\/wp\/v2\/types\/page"}],"author":[{"embeddable":true,"href":"https:\/\/pulidosegea.com\/en\/wp-json\/wp\/v2\/users\/1"}],"replies":[{"embeddable":true,"href":"https:\/\/pulidosegea.com\/en\/wp-json\/wp\/v2\/comments?post=61"}],"version-history":[{"count":2,"href":"https:\/\/pulidosegea.com\/en\/wp-json\/wp\/v2\/pages\/61\/revisions"}],"predecessor-version":[{"id":63,"href":"https:\/\/pulidosegea.com\/en\/wp-json\/wp\/v2\/pages\/61\/revisions\/63"}],"wp:featuredmedia":[{"embeddable":true,"href":"https:\/\/pulidosegea.com\/en\/wp-json\/wp\/v2\/media\/91"}],"wp:attachment":[{"href":"https:\/\/pulidosegea.com\/en\/wp-json\/wp\/v2\/media?parent=61"}],"curies":[{"name":"wp","href":"https:\/\/api.w.org\/{rel}","templated":true}]}}