{"id":73,"date":"2018-07-16T17:06:43","date_gmt":"2018-07-16T17:06:43","guid":{"rendered":"https:\/\/pulidosegea.com\/?page_id=73"},"modified":"2018-07-30T08:59:34","modified_gmt":"2018-07-30T08:59:34","slug":"mosaico-hidraulico","status":"publish","type":"page","link":"https:\/\/pulidosegea.com\/en\/mosaico-hidraulico\/","title":{"rendered":"Pulido de mosaico hidr\u00e1ulico"},"content":{"rendered":"<h2>Restauraci\u00f3n mosaico hidr\u00e1ulico<\/h2>\n<div class=\"wpb_text_column wpb_content_element\">\n<div class=\"wpb_wrapper\">\n<p>Para poder pulir <b>suelos hidr\u00e1ulicos<\/b> primero valoramos cada una de sus caracter\u00edsticas. Por su dise\u00f1o m\u00e1s elaborado y creativo y con una personalidad \u00fanica, el mosaico hidr\u00e1ulico, tambi\u00e9n conocido como Baldosa Hidr\u00e1ulica o Pavimento hidr\u00e1ulico, vuelve a ser <b>tendencia en los \u00faltimos a\u00f1os<\/b>. Se trata de un revestimiento de car\u00e1cter artesanal para distintos suelos y paredes procedente de principios de siglo XX, aunque fue inventado en el sur de Francia a mediados del siglo XIX, usado como pavimento en las construcciones hasta los a\u00f1os 1960.<\/p>\n<p>Este tipo de baldosas poseen tres capas con las que se alcanza un matiz de color \u00fanico. Su geometr\u00eda no s\u00f3lo tiene la funci\u00f3n de decorar el suelo, sino tambi\u00e9n paredes gracias a los azulejos geom\u00e9tricos, que son utilizados en ba\u00f1os y cocinas. Con distintos dise\u00f1os este tipo es una <b>inversi\u00f3n segura y duradera<\/b>, por esto muchos prefieren dejar en manos de profesionales los diferentes tratamientos a la hora de pulir suelo hidr\u00e1ulico.<\/p>\n<\/div>\n<\/div>\n<div class=\"wpb_text_column wpb_content_element\">\n<div class=\"wpb_wrapper\">\n<p>Para limpiar la baldosa hidr\u00e1ulica y pulir suelo hidr\u00e1ulico, tambi\u00e9n hay que tener en cuenta la porosidad de este suelo. Con el tiempo, se aprecia en este tipo de baldosas un efecto de desgaste y p\u00e9rdida del color y del brillo, o incluso astillas o peque\u00f1os trozos que se pueden llegar a desprender sin la conservaci\u00f3n adecuada.<\/p>\n<p>En Pulidos Egea somos <b>expertos en pulir suelo hidr\u00e1ulico<\/b>, adem\u00e1s de cualquier limpieza, impermeabilizaciones, encerado y cristalizaci\u00f3n, restauraciones, recuperaciones de baldosas hidr\u00e1ulicas. Contamos con el <b>equipo y la experiencia necesaria<\/b> para el tratamiento y mantenimiento de este tipo de suelos. Aplicando nuestros conocimientos t\u00e9cnicos lograremos recuperar cualquier desperfecto ocasionado por el tiempo o el desgaste debido al uso prolongado.<\/p>\n<\/div>\n<\/div>","protected":false},"excerpt":{"rendered":"<p>Restauraci\u00f3n mosaico hidr\u00e1ulico Para poder pulir suelos hidr\u00e1ulicos primero valoramos cada una de sus caracter\u00edsticas. Por su dise\u00f1o m\u00e1s elaborado y creativo y con una personalidad \u00fanica, el mosaico hidr\u00e1ulico, tambi\u00e9n conocido como Baldosa Hidr\u00e1ulica o Pavimento hidr\u00e1ulico, vuelve a ser tendencia en los \u00faltimos a\u00f1os. Se trata de un revestimiento de car\u00e1cter artesanal para [&hellip;]<\/p>","protected":false},"author":1,"featured_media":89,"parent":0,"menu_order":0,"comment_status":"closed","ping_status":"closed","template":"","meta":{"_uag_custom_page_level_css":"","site-sidebar-layout":"default","site-content-layout":"","ast-site-content-layout":"","site-content-style":"default","site-sidebar-style":"default","ast-global-header-display":"","ast-banner-title-visibility":"","ast-main-header-display":"","ast-hfb-above-header-display":"","ast-hfb-below-header-display":"","ast-hfb-mobile-header-display":"","site-post-title":"","ast-breadcrumbs-content":"","ast-featured-img":"","footer-sml-layout":"","theme-transparent-header-meta":"","adv-header-id-meta":"","stick-header-meta":"","header-above-stick-meta":"","header-main-stick-meta":"","header-below-stick-meta":"","astra-migrate-meta-layouts":"default","ast-page-background-enabled":"default","ast-page-background-meta":{"desktop":{"background-color":"","background-image":"","background-repeat":"repeat","background-position":"center center","background-size":"auto","background-attachment":"scroll","background-type":"","background-media":"","overlay-type":"","overlay-color":"","overlay-opacity":"","overlay-gradient":""},"tablet":{"background-color":"","background-image":"","background-repeat":"repeat","background-position":"center center","background-size":"auto","background-attachment":"scroll","background-type":"","background-media":"","overlay-type":"","overlay-color":"","overlay-opacity":"","overlay-gradient":""},"mobile":{"background-color":"","background-image":"","background-repeat":"repeat","background-position":"center center","background-size":"auto","background-attachment":"scroll","background-type":"","background-media":"","overlay-type":"","overlay-color":"","overlay-opacity":"","overlay-gradient":""}},"ast-content-background-meta":{"desktop":{"background-color":"var(--ast-global-color-5)","background-image":"","background-repeat":"repeat","background-position":"center center","background-size":"auto","background-attachment":"scroll","background-type":"","background-media":"","overlay-type":"","overlay-color":"","overlay-opacity":"","overlay-gradient":""},"tablet":{"background-color":"var(--ast-global-color-5)","background-image":"","background-repeat":"repeat","background-position":"center center","background-size":"auto","background-attachment":"scroll","background-type":"","background-media":"","overlay-type":"","overlay-color":"","overlay-opacity":"","overlay-gradient":""},"mobile":{"background-color":"var(--ast-global-color-5)","background-image":"","background-repeat":"repeat","background-position":"center center","background-size":"auto","background-attachment":"scroll","background-type":"","background-media":"","overlay-type":"","overlay-color":"","overlay-opacity":"","overlay-gradient":""}},"_joinchat":[],"footnotes":""},"class_list":["post-73","page","type-page","status-publish","has-post-thumbnail","hentry"],"yoast_head":"<!-- This site is optimized with the Yoast SEO plugin v23.1 - https:\/\/yoast.com\/wordpress\/plugins\/seo\/ -->\n<title>Pulido de mosaico hidr\u00e1ulico - Pulidos Egea<\/title>\n<meta name=\"robots\" content=\"index, follow, max-snippet:-1, max-image-preview:large, max-video-preview:-1\" \/>\n<link rel=\"canonical\" href=\"https:\/\/pulidosegea.com\/en\/mosaico-hidraulico\/\" \/>\n<meta property=\"og:locale\" content=\"en_GB\" \/>\n<meta property=\"og:type\" content=\"article\" \/>\n<meta property=\"og:title\" content=\"Pulido de mosaico hidr\u00e1ulico - Pulidos Egea\" \/>\n<meta property=\"og:description\" content=\"Restauraci\u00f3n mosaico hidr\u00e1ulico Para poder pulir suelos hidr\u00e1ulicos primero valoramos cada una de sus caracter\u00edsticas. Por su dise\u00f1o m\u00e1s elaborado y creativo y con una personalidad \u00fanica, el mosaico hidr\u00e1ulico, tambi\u00e9n conocido como Baldosa Hidr\u00e1ulica o Pavimento hidr\u00e1ulico, vuelve a ser tendencia en los \u00faltimos a\u00f1os. Se trata de un revestimiento de car\u00e1cter artesanal para [&hellip;]\" \/>\n<meta property=\"og:url\" content=\"https:\/\/pulidosegea.com\/en\/mosaico-hidraulico\/\" \/>\n<meta property=\"og:site_name\" content=\"Pulidos Egea\" \/>\n<meta property=\"article:publisher\" content=\"https:\/\/www.facebook.com\/pulidosegea\/\" \/>\n<meta property=\"article:modified_time\" content=\"2018-07-30T08:59:34+00:00\" \/>\n<meta property=\"og:image\" content=\"https:\/\/pulidosegea.com\/wp-content\/uploads\/2018\/07\/restauracion-suelo-mosaico.jpg\" \/>\n\t<meta property=\"og:image:width\" content=\"1600\" \/>\n\t<meta property=\"og:image:height\" content=\"900\" \/>\n\t<meta property=\"og:image:type\" content=\"image\/jpeg\" \/>\n<meta name=\"twitter:card\" content=\"summary_large_image\" \/>\n<meta name=\"twitter:label1\" content=\"Estimated reading time\" \/>\n\t<meta name=\"twitter:data1\" content=\"2 minutes\" \/>\n<script type=\"application\/ld+json\" class=\"yoast-schema-graph\">{\"@context\":\"https:\/\/schema.org\",\"@graph\":[{\"@type\":\"WebPage\",\"@id\":\"https:\/\/pulidosegea.com\/mosaico-hidraulico\/\",\"url\":\"https:\/\/pulidosegea.com\/mosaico-hidraulico\/\",\"name\":\"Pulido de mosaico hidr\u00e1ulico - Pulidos Egea\",\"isPartOf\":{\"@id\":\"https:\/\/pulidosegea.com\/#website\"},\"primaryImageOfPage\":{\"@id\":\"https:\/\/pulidosegea.com\/mosaico-hidraulico\/#primaryimage\"},\"image\":{\"@id\":\"https:\/\/pulidosegea.com\/mosaico-hidraulico\/#primaryimage\"},\"thumbnailUrl\":\"https:\/\/pulidosegea.com\/wp-content\/uploads\/2018\/07\/restauracion-suelo-mosaico.jpg\",\"datePublished\":\"2018-07-16T17:06:43+00:00\",\"dateModified\":\"2018-07-30T08:59:34+00:00\",\"breadcrumb\":{\"@id\":\"https:\/\/pulidosegea.com\/mosaico-hidraulico\/#breadcrumb\"},\"inLanguage\":\"en-GB\",\"potentialAction\":[{\"@type\":\"ReadAction\",\"target\":[\"https:\/\/pulidosegea.com\/mosaico-hidraulico\/\"]}]},{\"@type\":\"ImageObject\",\"inLanguage\":\"en-GB\",\"@id\":\"https:\/\/pulidosegea.com\/mosaico-hidraulico\/#primaryimage\",\"url\":\"https:\/\/pulidosegea.com\/wp-content\/uploads\/2018\/07\/restauracion-suelo-mosaico.jpg\",\"contentUrl\":\"https:\/\/pulidosegea.com\/wp-content\/uploads\/2018\/07\/restauracion-suelo-mosaico.jpg\",\"width\":1600,\"height\":900,\"caption\":\"restauracion y pulido de suelo mosaico hidraulico en Alicante\"},{\"@type\":\"BreadcrumbList\",\"@id\":\"https:\/\/pulidosegea.com\/mosaico-hidraulico\/#breadcrumb\",\"itemListElement\":[{\"@type\":\"ListItem\",\"position\":1,\"name\":\"Portada\",\"item\":\"https:\/\/pulidosegea.com\/\"},{\"@type\":\"ListItem\",\"position\":2,\"name\":\"Pulido de mosaico hidr\u00e1ulico\"}]},{\"@type\":\"WebSite\",\"@id\":\"https:\/\/pulidosegea.com\/#website\",\"url\":\"https:\/\/pulidosegea.com\/\",\"name\":\"Pulidos Egea\",\"description\":\"Pulido y Cristalizado de Suelos\",\"publisher\":{\"@id\":\"https:\/\/pulidosegea.com\/#organization\"},\"potentialAction\":[{\"@type\":\"SearchAction\",\"target\":{\"@type\":\"EntryPoint\",\"urlTemplate\":\"https:\/\/pulidosegea.com\/?s={search_term_string}\"},\"query-input\":\"required name=search_term_string\"}],\"inLanguage\":\"en-GB\"},{\"@type\":\"Organization\",\"@id\":\"https:\/\/pulidosegea.com\/#organization\",\"name\":\"Pulidos Egea\",\"url\":\"https:\/\/pulidosegea.com\/\",\"logo\":{\"@type\":\"ImageObject\",\"inLanguage\":\"en-GB\",\"@id\":\"https:\/\/pulidosegea.com\/#\/schema\/logo\/image\/\",\"url\":\"https:\/\/pulidosegea.com\/wp-content\/uploads\/2018\/07\/logo_pulidos_alicante_egea_resp-1.png\",\"contentUrl\":\"https:\/\/pulidosegea.com\/wp-content\/uploads\/2018\/07\/logo_pulidos_alicante_egea_resp-1.png\",\"width\":250,\"height\":157,\"caption\":\"Pulidos Egea\"},\"image\":{\"@id\":\"https:\/\/pulidosegea.com\/#\/schema\/logo\/image\/\"},\"sameAs\":[\"https:\/\/www.facebook.com\/pulidosegea\/\"]}]}<\/script>\n<!-- \/ Yoast SEO plugin. -->","yoast_head_json":{"title":"Pulido de mosaico hidr\u00e1ulico - Pulidos Egea","robots":{"index":"index","follow":"follow","max-snippet":"max-snippet:-1","max-image-preview":"max-image-preview:large","max-video-preview":"max-video-preview:-1"},"canonical":"https:\/\/pulidosegea.com\/en\/mosaico-hidraulico\/","og_locale":"en_GB","og_type":"article","og_title":"Pulido de mosaico hidr\u00e1ulico - Pulidos Egea","og_description":"Restauraci\u00f3n mosaico hidr\u00e1ulico Para poder pulir suelos hidr\u00e1ulicos primero valoramos cada una de sus caracter\u00edsticas. Por su dise\u00f1o m\u00e1s elaborado y creativo y con una personalidad \u00fanica, el mosaico hidr\u00e1ulico, tambi\u00e9n conocido como Baldosa Hidr\u00e1ulica o Pavimento hidr\u00e1ulico, vuelve a ser tendencia en los \u00faltimos a\u00f1os. Se trata de un revestimiento de car\u00e1cter artesanal para [&hellip;]","og_url":"https:\/\/pulidosegea.com\/en\/mosaico-hidraulico\/","og_site_name":"Pulidos Egea","article_publisher":"https:\/\/www.facebook.com\/pulidosegea\/","article_modified_time":"2018-07-30T08:59:34+00:00","og_image":[{"width":1600,"height":900,"url":"https:\/\/pulidosegea.com\/wp-content\/uploads\/2018\/07\/restauracion-suelo-mosaico.jpg","type":"image\/jpeg"}],"twitter_card":"summary_large_image","twitter_misc":{"Estimated reading time":"2 minutes"},"schema":{"@context":"https:\/\/schema.org","@graph":[{"@type":"WebPage","@id":"https:\/\/pulidosegea.com\/mosaico-hidraulico\/","url":"https:\/\/pulidosegea.com\/mosaico-hidraulico\/","name":"Pulido de mosaico hidr\u00e1ulico - Pulidos Egea","isPartOf":{"@id":"https:\/\/pulidosegea.com\/#website"},"primaryImageOfPage":{"@id":"https:\/\/pulidosegea.com\/mosaico-hidraulico\/#primaryimage"},"image":{"@id":"https:\/\/pulidosegea.com\/mosaico-hidraulico\/#primaryimage"},"thumbnailUrl":"https:\/\/pulidosegea.com\/wp-content\/uploads\/2018\/07\/restauracion-suelo-mosaico.jpg","datePublished":"2018-07-16T17:06:43+00:00","dateModified":"2018-07-30T08:59:34+00:00","breadcrumb":{"@id":"https:\/\/pulidosegea.com\/mosaico-hidraulico\/#breadcrumb"},"inLanguage":"en-GB","potentialAction":[{"@type":"ReadAction","target":["https:\/\/pulidosegea.com\/mosaico-hidraulico\/"]}]},{"@type":"ImageObject","inLanguage":"en-GB","@id":"https:\/\/pulidosegea.com\/mosaico-hidraulico\/#primaryimage","url":"https:\/\/pulidosegea.com\/wp-content\/uploads\/2018\/07\/restauracion-suelo-mosaico.jpg","contentUrl":"https:\/\/pulidosegea.com\/wp-content\/uploads\/2018\/07\/restauracion-suelo-mosaico.jpg","width":1600,"height":900,"caption":"restauracion y pulido de suelo mosaico hidraulico en Alicante"},{"@type":"BreadcrumbList","@id":"https:\/\/pulidosegea.com\/mosaico-hidraulico\/#breadcrumb","itemListElement":[{"@type":"ListItem","position":1,"name":"Portada","item":"https:\/\/pulidosegea.com\/"},{"@type":"ListItem","position":2,"name":"Pulido de mosaico hidr\u00e1ulico"}]},{"@type":"WebSite","@id":"https:\/\/pulidosegea.com\/#website","url":"https:\/\/pulidosegea.com\/","name":"Pulidos Egea","description":"Pulido y Cristalizado de Suelos","publisher":{"@id":"https:\/\/pulidosegea.com\/#organization"},"potentialAction":[{"@type":"SearchAction","target":{"@type":"EntryPoint","urlTemplate":"https:\/\/pulidosegea.com\/?s={search_term_string}"},"query-input":"required name=search_term_string"}],"inLanguage":"en-GB"},{"@type":"Organization","@id":"https:\/\/pulidosegea.com\/#organization","name":"Pulidos Egea","url":"https:\/\/pulidosegea.com\/","logo":{"@type":"ImageObject","inLanguage":"en-GB","@id":"https:\/\/pulidosegea.com\/#\/schema\/logo\/image\/","url":"https:\/\/pulidosegea.com\/wp-content\/uploads\/2018\/07\/logo_pulidos_alicante_egea_resp-1.png","contentUrl":"https:\/\/pulidosegea.com\/wp-content\/uploads\/2018\/07\/logo_pulidos_alicante_egea_resp-1.png","width":250,"height":157,"caption":"Pulidos Egea"},"image":{"@id":"https:\/\/pulidosegea.com\/#\/schema\/logo\/image\/"},"sameAs":["https:\/\/www.facebook.com\/pulidosegea\/"]}]}},"uagb_featured_image_src":{"full":["https:\/\/pulidosegea.com\/wp-content\/uploads\/2018\/07\/restauracion-suelo-mosaico.jpg",1600,900,false],"thumbnail":["https:\/\/pulidosegea.com\/wp-content\/uploads\/2018\/07\/restauracion-suelo-mosaico-150x150.jpg",150,150,true],"medium":["https:\/\/pulidosegea.com\/wp-content\/uploads\/2018\/07\/restauracion-suelo-mosaico-300x169.jpg",300,169,true],"medium_large":["https:\/\/pulidosegea.com\/wp-content\/uploads\/2018\/07\/restauracion-suelo-mosaico-768x432.jpg",768,432,true],"large":["https:\/\/pulidosegea.com\/wp-content\/uploads\/2018\/07\/restauracion-suelo-mosaico-1024x576.jpg",1024,576,true],"1536x1536":["https:\/\/pulidosegea.com\/wp-content\/uploads\/2018\/07\/restauracion-suelo-mosaico.jpg",1536,864,false],"2048x2048":["https:\/\/pulidosegea.com\/wp-content\/uploads\/2018\/07\/restauracion-suelo-mosaico.jpg",1600,900,false],"trp-custom-language-flag":["https:\/\/pulidosegea.com\/wp-content\/uploads\/2018\/07\/restauracion-suelo-mosaico.jpg",18,10,false]},"uagb_author_info":{"display_name":"admin","author_link":"https:\/\/pulidosegea.com\/en\/author\/admin\/"},"uagb_comment_info":0,"uagb_excerpt":"Restauraci\u00f3n mosaico hidr\u00e1ulico Para poder pulir suelos hidr\u00e1ulicos primero valoramos cada una de sus caracter\u00edsticas. Por su dise\u00f1o m\u00e1s elaborado y creativo y con una personalidad \u00fanica, el mosaico hidr\u00e1ulico, tambi\u00e9n conocido como Baldosa Hidr\u00e1ulica o Pavimento hidr\u00e1ulico, vuelve a ser tendencia en los \u00faltimos a\u00f1os. Se trata de un revestimiento de car\u00e1cter artesanal para&hellip;","_links":{"self":[{"href":"https:\/\/pulidosegea.com\/en\/wp-json\/wp\/v2\/pages\/73"}],"collection":[{"href":"https:\/\/pulidosegea.com\/en\/wp-json\/wp\/v2\/pages"}],"about":[{"href":"https:\/\/pulidosegea.com\/en\/wp-json\/wp\/v2\/types\/page"}],"author":[{"embeddable":true,"href":"https:\/\/pulidosegea.com\/en\/wp-json\/wp\/v2\/users\/1"}],"replies":[{"embeddable":true,"href":"https:\/\/pulidosegea.com\/en\/wp-json\/wp\/v2\/comments?post=73"}],"version-history":[{"count":2,"href":"https:\/\/pulidosegea.com\/en\/wp-json\/wp\/v2\/pages\/73\/revisions"}],"predecessor-version":[{"id":79,"href":"https:\/\/pulidosegea.com\/en\/wp-json\/wp\/v2\/pages\/73\/revisions\/79"}],"wp:featuredmedia":[{"embeddable":true,"href":"https:\/\/pulidosegea.com\/en\/wp-json\/wp\/v2\/media\/89"}],"wp:attachment":[{"href":"https:\/\/pulidosegea.com\/en\/wp-json\/wp\/v2\/media?parent=73"}],"curies":[{"name":"wp","href":"https:\/\/api.w.org\/{rel}","templated":true}]}}