{"id":76,"date":"2018-07-16T17:13:37","date_gmt":"2018-07-16T17:13:37","guid":{"rendered":"https:\/\/pulidosegea.com\/?page_id=76"},"modified":"2018-07-30T09:01:34","modified_gmt":"2018-07-30T09:01:34","slug":"pulido-de-hormigon","status":"publish","type":"page","link":"https:\/\/pulidosegea.com\/en\/pulido-de-hormigon\/","title":{"rendered":"Pulido de hormig\u00f3n"},"content":{"rendered":"<h2>Pulir y cristalizar suelos de hormig\u00f3n<\/h2>\n<div class=\"wpb_text_column wpb_content_element\">\n<div class=\"wpb_wrapper\">\n<p>Pulir suelos de hormig\u00f3n transformar\u00e1 tu superficie en hormig\u00f3n pulido, siendo una de las soluciones m\u00e1s innovadoras y populares de los \u00faltimos a\u00f1os.<\/p>\n<p>Antes de comenzar a pulir suelos de hormig\u00f3n hay que comprender qu\u00e9 tipo de superficie poseemos. Los suelos de hormig\u00f3n pulido son la soluci\u00f3n m\u00e1s tradicional y se viene usando durante m\u00e1s tiempo.<\/p>\n<p>Poseen un caracter\u00edstico estilo industrial que los colocan en la <b>cima de las tendencias decorativas<\/b> siendo uno de los principales protagonistas.<\/p>\n<p>Usado mayormente para grandes superficies como naves industriales, parkings, pistas deportivas, centros de log\u00edstica etc. y en menor medida en el \u00e1mbito privado, es una de las soluciones m\u00e1s demandadas en los \u00faltimos tiempos.<\/p>\n<\/div>\n<\/div>\n<div class=\"wpb_text_column wpb_content_element\">\n<div class=\"wpb_wrapper\">\n<p>En Pulidos Egea nos encargamos de realizar un <b>trabajo inmejorable<\/b> mediante la rehabilitaci\u00f3n de la superficie deteriorada, preparaci\u00f3n de soportes y acabado del hormig\u00f3n, disfrutando de un resultado brillante, liso y con una disminuci\u00f3n en el grado de deslizamiento.<\/p>\n<\/div>\n<\/div>","protected":false},"excerpt":{"rendered":"<p>Pulir y cristalizar suelos de hormig\u00f3n Pulir suelos de hormig\u00f3n transformar\u00e1 tu superficie en hormig\u00f3n pulido, siendo una de las soluciones m\u00e1s innovadoras y populares de los \u00faltimos a\u00f1os. Antes de comenzar a pulir suelos de hormig\u00f3n hay que comprender qu\u00e9 tipo de superficie poseemos. Los suelos de hormig\u00f3n pulido son la soluci\u00f3n m\u00e1s tradicional [&hellip;]<\/p>","protected":false},"author":1,"featured_media":90,"parent":0,"menu_order":0,"comment_status":"closed","ping_status":"closed","template":"","meta":{"_uag_custom_page_level_css":"","site-sidebar-layout":"default","site-content-layout":"","ast-site-content-layout":"","site-content-style":"default","site-sidebar-style":"default","ast-global-header-display":"","ast-banner-title-visibility":"","ast-main-header-display":"","ast-hfb-above-header-display":"","ast-hfb-below-header-display":"","ast-hfb-mobile-header-display":"","site-post-title":"","ast-breadcrumbs-content":"","ast-featured-img":"","footer-sml-layout":"","theme-transparent-header-meta":"","adv-header-id-meta":"","stick-header-meta":"","header-above-stick-meta":"","header-main-stick-meta":"","header-below-stick-meta":"","astra-migrate-meta-layouts":"default","ast-page-background-enabled":"default","ast-page-background-meta":{"desktop":{"background-color":"","background-image":"","background-repeat":"repeat","background-position":"center center","background-size":"auto","background-attachment":"scroll","background-type":"","background-media":"","overlay-type":"","overlay-color":"","overlay-opacity":"","overlay-gradient":""},"tablet":{"background-color":"","background-image":"","background-repeat":"repeat","background-position":"center center","background-size":"auto","background-attachment":"scroll","background-type":"","background-media":"","overlay-type":"","overlay-color":"","overlay-opacity":"","overlay-gradient":""},"mobile":{"background-color":"","background-image":"","background-repeat":"repeat","background-position":"center center","background-size":"auto","background-attachment":"scroll","background-type":"","background-media":"","overlay-type":"","overlay-color":"","overlay-opacity":"","overlay-gradient":""}},"ast-content-background-meta":{"desktop":{"background-color":"var(--ast-global-color-5)","background-image":"","background-repeat":"repeat","background-position":"center center","background-size":"auto","background-attachment":"scroll","background-type":"","background-media":"","overlay-type":"","overlay-color":"","overlay-opacity":"","overlay-gradient":""},"tablet":{"background-color":"var(--ast-global-color-5)","background-image":"","background-repeat":"repeat","background-position":"center center","background-size":"auto","background-attachment":"scroll","background-type":"","background-media":"","overlay-type":"","overlay-color":"","overlay-opacity":"","overlay-gradient":""},"mobile":{"background-color":"var(--ast-global-color-5)","background-image":"","background-repeat":"repeat","background-position":"center center","background-size":"auto","background-attachment":"scroll","background-type":"","background-media":"","overlay-type":"","overlay-color":"","overlay-opacity":"","overlay-gradient":""}},"_joinchat":[],"footnotes":""},"class_list":["post-76","page","type-page","status-publish","has-post-thumbnail","hentry"],"yoast_head":"<!-- This site is optimized with the Yoast SEO plugin v23.1 - https:\/\/yoast.com\/wordpress\/plugins\/seo\/ -->\n<title>Pulido de hormig\u00f3n - Pulidos Egea<\/title>\n<meta name=\"robots\" content=\"index, follow, max-snippet:-1, max-image-preview:large, max-video-preview:-1\" \/>\n<link rel=\"canonical\" href=\"https:\/\/pulidosegea.com\/en\/pulido-de-hormigon\/\" \/>\n<meta property=\"og:locale\" content=\"en_GB\" \/>\n<meta property=\"og:type\" content=\"article\" \/>\n<meta property=\"og:title\" content=\"Pulido de hormig\u00f3n - Pulidos Egea\" \/>\n<meta property=\"og:description\" content=\"Pulir y cristalizar suelos de hormig\u00f3n Pulir suelos de hormig\u00f3n transformar\u00e1 tu superficie en hormig\u00f3n pulido, siendo una de las soluciones m\u00e1s innovadoras y populares de los \u00faltimos a\u00f1os. Antes de comenzar a pulir suelos de hormig\u00f3n hay que comprender qu\u00e9 tipo de superficie poseemos. Los suelos de hormig\u00f3n pulido son la soluci\u00f3n m\u00e1s tradicional [&hellip;]\" \/>\n<meta property=\"og:url\" content=\"https:\/\/pulidosegea.com\/en\/pulido-de-hormigon\/\" \/>\n<meta property=\"og:site_name\" content=\"Pulidos Egea\" \/>\n<meta property=\"article:publisher\" content=\"https:\/\/www.facebook.com\/pulidosegea\/\" \/>\n<meta property=\"article:modified_time\" content=\"2018-07-30T09:01:34+00:00\" \/>\n<meta property=\"og:image\" content=\"https:\/\/pulidosegea.com\/wp-content\/uploads\/2018\/07\/pulido-hormigon.jpg\" \/>\n\t<meta property=\"og:image:width\" content=\"900\" \/>\n\t<meta property=\"og:image:height\" content=\"1600\" \/>\n\t<meta property=\"og:image:type\" content=\"image\/jpeg\" \/>\n<meta name=\"twitter:card\" content=\"summary_large_image\" \/>\n<meta name=\"twitter:label1\" content=\"Estimated reading time\" \/>\n\t<meta name=\"twitter:data1\" content=\"1 minute\" \/>\n<script type=\"application\/ld+json\" class=\"yoast-schema-graph\">{\"@context\":\"https:\/\/schema.org\",\"@graph\":[{\"@type\":\"WebPage\",\"@id\":\"https:\/\/pulidosegea.com\/pulido-de-hormigon\/\",\"url\":\"https:\/\/pulidosegea.com\/pulido-de-hormigon\/\",\"name\":\"Pulido de hormig\u00f3n - Pulidos Egea\",\"isPartOf\":{\"@id\":\"https:\/\/pulidosegea.com\/#website\"},\"primaryImageOfPage\":{\"@id\":\"https:\/\/pulidosegea.com\/pulido-de-hormigon\/#primaryimage\"},\"image\":{\"@id\":\"https:\/\/pulidosegea.com\/pulido-de-hormigon\/#primaryimage\"},\"thumbnailUrl\":\"https:\/\/pulidosegea.com\/wp-content\/uploads\/2018\/07\/pulido-hormigon.jpg\",\"datePublished\":\"2018-07-16T17:13:37+00:00\",\"dateModified\":\"2018-07-30T09:01:34+00:00\",\"breadcrumb\":{\"@id\":\"https:\/\/pulidosegea.com\/pulido-de-hormigon\/#breadcrumb\"},\"inLanguage\":\"en-GB\",\"potentialAction\":[{\"@type\":\"ReadAction\",\"target\":[\"https:\/\/pulidosegea.com\/pulido-de-hormigon\/\"]}]},{\"@type\":\"ImageObject\",\"inLanguage\":\"en-GB\",\"@id\":\"https:\/\/pulidosegea.com\/pulido-de-hormigon\/#primaryimage\",\"url\":\"https:\/\/pulidosegea.com\/wp-content\/uploads\/2018\/07\/pulido-hormigon.jpg\",\"contentUrl\":\"https:\/\/pulidosegea.com\/wp-content\/uploads\/2018\/07\/pulido-hormigon.jpg\",\"width\":900,\"height\":1600,\"caption\":\"pulido y abrillantado suelo de hormigon en Alicante\"},{\"@type\":\"BreadcrumbList\",\"@id\":\"https:\/\/pulidosegea.com\/pulido-de-hormigon\/#breadcrumb\",\"itemListElement\":[{\"@type\":\"ListItem\",\"position\":1,\"name\":\"Portada\",\"item\":\"https:\/\/pulidosegea.com\/\"},{\"@type\":\"ListItem\",\"position\":2,\"name\":\"Pulido de hormig\u00f3n\"}]},{\"@type\":\"WebSite\",\"@id\":\"https:\/\/pulidosegea.com\/#website\",\"url\":\"https:\/\/pulidosegea.com\/\",\"name\":\"Pulidos Egea\",\"description\":\"Pulido y Cristalizado de Suelos\",\"publisher\":{\"@id\":\"https:\/\/pulidosegea.com\/#organization\"},\"potentialAction\":[{\"@type\":\"SearchAction\",\"target\":{\"@type\":\"EntryPoint\",\"urlTemplate\":\"https:\/\/pulidosegea.com\/?s={search_term_string}\"},\"query-input\":\"required name=search_term_string\"}],\"inLanguage\":\"en-GB\"},{\"@type\":\"Organization\",\"@id\":\"https:\/\/pulidosegea.com\/#organization\",\"name\":\"Pulidos Egea\",\"url\":\"https:\/\/pulidosegea.com\/\",\"logo\":{\"@type\":\"ImageObject\",\"inLanguage\":\"en-GB\",\"@id\":\"https:\/\/pulidosegea.com\/#\/schema\/logo\/image\/\",\"url\":\"https:\/\/pulidosegea.com\/wp-content\/uploads\/2018\/07\/logo_pulidos_alicante_egea_resp-1.png\",\"contentUrl\":\"https:\/\/pulidosegea.com\/wp-content\/uploads\/2018\/07\/logo_pulidos_alicante_egea_resp-1.png\",\"width\":250,\"height\":157,\"caption\":\"Pulidos Egea\"},\"image\":{\"@id\":\"https:\/\/pulidosegea.com\/#\/schema\/logo\/image\/\"},\"sameAs\":[\"https:\/\/www.facebook.com\/pulidosegea\/\"]}]}<\/script>\n<!-- \/ Yoast SEO plugin. -->","yoast_head_json":{"title":"Pulido de hormig\u00f3n - Pulidos Egea","robots":{"index":"index","follow":"follow","max-snippet":"max-snippet:-1","max-image-preview":"max-image-preview:large","max-video-preview":"max-video-preview:-1"},"canonical":"https:\/\/pulidosegea.com\/en\/pulido-de-hormigon\/","og_locale":"en_GB","og_type":"article","og_title":"Pulido de hormig\u00f3n - Pulidos Egea","og_description":"Pulir y cristalizar suelos de hormig\u00f3n Pulir suelos de hormig\u00f3n transformar\u00e1 tu superficie en hormig\u00f3n pulido, siendo una de las soluciones m\u00e1s innovadoras y populares de los \u00faltimos a\u00f1os. Antes de comenzar a pulir suelos de hormig\u00f3n hay que comprender qu\u00e9 tipo de superficie poseemos. Los suelos de hormig\u00f3n pulido son la soluci\u00f3n m\u00e1s tradicional [&hellip;]","og_url":"https:\/\/pulidosegea.com\/en\/pulido-de-hormigon\/","og_site_name":"Pulidos Egea","article_publisher":"https:\/\/www.facebook.com\/pulidosegea\/","article_modified_time":"2018-07-30T09:01:34+00:00","og_image":[{"width":900,"height":1600,"url":"https:\/\/pulidosegea.com\/wp-content\/uploads\/2018\/07\/pulido-hormigon.jpg","type":"image\/jpeg"}],"twitter_card":"summary_large_image","twitter_misc":{"Estimated reading time":"1 minute"},"schema":{"@context":"https:\/\/schema.org","@graph":[{"@type":"WebPage","@id":"https:\/\/pulidosegea.com\/pulido-de-hormigon\/","url":"https:\/\/pulidosegea.com\/pulido-de-hormigon\/","name":"Pulido de hormig\u00f3n - Pulidos Egea","isPartOf":{"@id":"https:\/\/pulidosegea.com\/#website"},"primaryImageOfPage":{"@id":"https:\/\/pulidosegea.com\/pulido-de-hormigon\/#primaryimage"},"image":{"@id":"https:\/\/pulidosegea.com\/pulido-de-hormigon\/#primaryimage"},"thumbnailUrl":"https:\/\/pulidosegea.com\/wp-content\/uploads\/2018\/07\/pulido-hormigon.jpg","datePublished":"2018-07-16T17:13:37+00:00","dateModified":"2018-07-30T09:01:34+00:00","breadcrumb":{"@id":"https:\/\/pulidosegea.com\/pulido-de-hormigon\/#breadcrumb"},"inLanguage":"en-GB","potentialAction":[{"@type":"ReadAction","target":["https:\/\/pulidosegea.com\/pulido-de-hormigon\/"]}]},{"@type":"ImageObject","inLanguage":"en-GB","@id":"https:\/\/pulidosegea.com\/pulido-de-hormigon\/#primaryimage","url":"https:\/\/pulidosegea.com\/wp-content\/uploads\/2018\/07\/pulido-hormigon.jpg","contentUrl":"https:\/\/pulidosegea.com\/wp-content\/uploads\/2018\/07\/pulido-hormigon.jpg","width":900,"height":1600,"caption":"pulido y abrillantado suelo de hormigon en Alicante"},{"@type":"BreadcrumbList","@id":"https:\/\/pulidosegea.com\/pulido-de-hormigon\/#breadcrumb","itemListElement":[{"@type":"ListItem","position":1,"name":"Portada","item":"https:\/\/pulidosegea.com\/"},{"@type":"ListItem","position":2,"name":"Pulido de hormig\u00f3n"}]},{"@type":"WebSite","@id":"https:\/\/pulidosegea.com\/#website","url":"https:\/\/pulidosegea.com\/","name":"Pulidos Egea","description":"Pulido y Cristalizado de Suelos","publisher":{"@id":"https:\/\/pulidosegea.com\/#organization"},"potentialAction":[{"@type":"SearchAction","target":{"@type":"EntryPoint","urlTemplate":"https:\/\/pulidosegea.com\/?s={search_term_string}"},"query-input":"required name=search_term_string"}],"inLanguage":"en-GB"},{"@type":"Organization","@id":"https:\/\/pulidosegea.com\/#organization","name":"Pulidos Egea","url":"https:\/\/pulidosegea.com\/","logo":{"@type":"ImageObject","inLanguage":"en-GB","@id":"https:\/\/pulidosegea.com\/#\/schema\/logo\/image\/","url":"https:\/\/pulidosegea.com\/wp-content\/uploads\/2018\/07\/logo_pulidos_alicante_egea_resp-1.png","contentUrl":"https:\/\/pulidosegea.com\/wp-content\/uploads\/2018\/07\/logo_pulidos_alicante_egea_resp-1.png","width":250,"height":157,"caption":"Pulidos Egea"},"image":{"@id":"https:\/\/pulidosegea.com\/#\/schema\/logo\/image\/"},"sameAs":["https:\/\/www.facebook.com\/pulidosegea\/"]}]}},"uagb_featured_image_src":{"full":["https:\/\/pulidosegea.com\/wp-content\/uploads\/2018\/07\/pulido-hormigon.jpg",900,1600,false],"thumbnail":["https:\/\/pulidosegea.com\/wp-content\/uploads\/2018\/07\/pulido-hormigon-150x150.jpg",150,150,true],"medium":["https:\/\/pulidosegea.com\/wp-content\/uploads\/2018\/07\/pulido-hormigon-169x300.jpg",169,300,true],"medium_large":["https:\/\/pulidosegea.com\/wp-content\/uploads\/2018\/07\/pulido-hormigon-768x1365.jpg",768,1365,true],"large":["https:\/\/pulidosegea.com\/wp-content\/uploads\/2018\/07\/pulido-hormigon-576x1024.jpg",576,1024,true],"1536x1536":["https:\/\/pulidosegea.com\/wp-content\/uploads\/2018\/07\/pulido-hormigon.jpg",864,1536,false],"2048x2048":["https:\/\/pulidosegea.com\/wp-content\/uploads\/2018\/07\/pulido-hormigon.jpg",900,1600,false],"trp-custom-language-flag":["https:\/\/pulidosegea.com\/wp-content\/uploads\/2018\/07\/pulido-hormigon.jpg",7,12,false]},"uagb_author_info":{"display_name":"admin","author_link":"https:\/\/pulidosegea.com\/en\/author\/admin\/"},"uagb_comment_info":0,"uagb_excerpt":"Pulir y cristalizar suelos de hormig\u00f3n Pulir suelos de hormig\u00f3n transformar\u00e1 tu superficie en hormig\u00f3n pulido, siendo una de las soluciones m\u00e1s innovadoras y populares de los \u00faltimos a\u00f1os. Antes de comenzar a pulir suelos de hormig\u00f3n hay que comprender qu\u00e9 tipo de superficie poseemos. Los suelos de hormig\u00f3n pulido son la soluci\u00f3n m\u00e1s tradicional&hellip;","_links":{"self":[{"href":"https:\/\/pulidosegea.com\/en\/wp-json\/wp\/v2\/pages\/76"}],"collection":[{"href":"https:\/\/pulidosegea.com\/en\/wp-json\/wp\/v2\/pages"}],"about":[{"href":"https:\/\/pulidosegea.com\/en\/wp-json\/wp\/v2\/types\/page"}],"author":[{"embeddable":true,"href":"https:\/\/pulidosegea.com\/en\/wp-json\/wp\/v2\/users\/1"}],"replies":[{"embeddable":true,"href":"https:\/\/pulidosegea.com\/en\/wp-json\/wp\/v2\/comments?post=76"}],"version-history":[{"count":1,"href":"https:\/\/pulidosegea.com\/en\/wp-json\/wp\/v2\/pages\/76\/revisions"}],"predecessor-version":[{"id":78,"href":"https:\/\/pulidosegea.com\/en\/wp-json\/wp\/v2\/pages\/76\/revisions\/78"}],"wp:featuredmedia":[{"embeddable":true,"href":"https:\/\/pulidosegea.com\/en\/wp-json\/wp\/v2\/media\/90"}],"wp:attachment":[{"href":"https:\/\/pulidosegea.com\/en\/wp-json\/wp\/v2\/media?parent=76"}],"curies":[{"name":"wp","href":"https:\/\/api.w.org\/{rel}","templated":true}]}}